{"id":113,"date":"2020-05-25T09:51:44","date_gmt":"2020-05-25T07:51:44","guid":{"rendered":"https:\/\/www.verizet.fr\/?page_id=113"},"modified":"2026-04-11T16:41:41","modified_gmt":"2026-04-11T14:41:41","slug":"accueil","status":"publish","type":"page","link":"https:\/\/www.verizet.fr\/en\/","title":{"rendered":"Home"},"content":{"rendered":"<div class=\"wpb-content-wrapper\"><div class=\"vc_row wpb_row vc_row-fluid vc_custom_1750755177889\"><div class=\"wpb_column vc_column_container vc_col-sm-12\"><div class=\"vc_column-inner\"><div class=\"wpb_wrapper\">\n\t\t\t\t<p class=\"rs-p-wp-fix\"><\/p>\n\t\t\t\t<sr7-module data-alias=\"slider-1\" data-id=\"1\" id=\"SR7_1_3\" class=\"rs-ov-hidden\" data-version=\"6.7.20\">\n\t\t\t\t\t<sr7-adjuster><\/sr7-adjuster>\n\t\t\t\t\t<sr7-content>\n\t\t\t\t\t\t<sr7-slide id=\"SR7_1_3-1\" data-key=\"1\">\n\t\t\t\t\t\t\t<sr7-bg id=\"SR7_1_3-1-1\" class=\"sr7-layer\"><noscript><img decoding=\"async\" src=\"https:\/\/www.verizet.fr\/wp-content\/uploads\/2020\/05\/home-1.jpg\" alt=\"\" title=\"home-1\"><\/noscript><\/sr7-bg>\n\t\t\t\t\t\t<\/sr7-slide>\n\t\t\t\t\t\t<sr7-slide id=\"SR7_1_3-2\" data-key=\"2\">\n\t\t\t\t\t\t<\/sr7-slide>\n\t\t\t\t\t<\/sr7-content>\n\t\t\t\t\t<image_lists style=\"display:none\">\n\t\t\t\t\t\t<img data-src=\"\/\/www.verizet.fr\/wp-content\/uploads\/2020\/05\/home-1.jpg\" data-libid=\"115\" data-lib=\"medialibrary\" title=\"home-1\" width=\"0\" height=\"0\" data-dbsrc=\"Ly93d3cudmVyaXpldC5mci93cC1jb250ZW50L3VwbG9hZHMvMjAyMC8wNS9ob21lLTEuanBn\"\/>\n\t\t\t\t\t<\/image_lists>\n\t\t\t\t<\/sr7-module>\n\t\t\t\t<script>\n\t\t\t\t\tSR7.PMH ??={}; SR7.PMH[\"SR7_1_3\"] = {cn:0,state:false,fn: function() { if (_tpt!==undefined && _tpt.prepareModuleHeight !== undefined) {  _tpt.prepareModuleHeight({id:\"SR7_1_3\",el:[900,900,768,960,720],type:'standard',shdw:'0',gh:[900,900,743,565,349],gw:[1240,1240,1024,778,480],vpt:['100px'],size:{fullWidth:true, fullHeight:false},mh:'0',onh:0,onw:0,bg:{color:'{\"orig\":\"transparent\",\"type\":\"solid\",\"string\":\"transparent\"}'}});   SR7.PMH[\"SR7_1_3\"].state=true;} else if((SR7.PMH[\"SR7_1_3\"].cn++)<100)\tsetTimeout( SR7.PMH[\"SR7_1_3\"].fn,19);}};SR7.PMH[\"SR7_1_3\" ].fn();\n\t\t\t\t<\/script>\n<\/div><\/div><\/div><\/div><div class=\"vc_row wpb_row vc_row-fluid\"><div class=\"wpb_column vc_column_container vc_col-sm-12\"><div class=\"vc_column-inner\"><div class=\"wpb_wrapper\"><div class=\"vc_separator wpb_content_element vc_separator_align_center vc_sep_width_100 vc_sep_pos_align_center vc_separator_no_text vc_sep_color_white wpb_content_element  wpb_content_element\" ><span class=\"vc_sep_holder vc_sep_holder_l\"><span class=\"vc_sep_line\"><\/span><\/span><span class=\"vc_sep_holder vc_sep_holder_r\"><span class=\"vc_sep_line\"><\/span><\/span>\n<\/div><style>.vc_btn3-style-gradient-custom.vc_btn-gradient-btn-69e1998bd8e17:hover{color: #0a0a0a;background-color: #f9cd02;border: none;background-position: 100% 0;}<\/style><style>.vc_btn3-style-gradient-custom.vc_btn-gradient-btn-69e1998bd8e17{color: #0a0a0a;border: none;background-color: #f9cd02;background-image: -webkit-linear-gradient(left, #f9cd02 0%, #f9cd02 50%,#f9cd02 100%);background-image: linear-gradient(to right, #f9cd02 0%, #f9cd02 50%,#f9cd02 100%);-webkit-transition: all .2s ease-in-out;transition: all .2s ease-in-out;background-size: 200% 100%;}<\/style><div class=\"vc_btn3-container  wpb_animate_when_almost_visible wpb_fadeIn fadeIn vc_btn3-center vc_do_btn\" ><a data-vc-gradient-1=\"#f9cd02\" data-vc-gradient-2=\"#f9cd02\" class=\"vc_general vc_btn3 vc_btn3-size-lg vc_btn3-shape-rounded vc_btn3-style-gradient-custom vc_btn-gradient-btn-69e1998bd8e17\" href=\"https:\/\/caveaux-cavedevire.wixsite.com\/eboutique\" title=\"\" target=\"_blank\">Go to our online store<\/a><\/div><div class=\"vc_separator wpb_content_element vc_separator_align_center vc_sep_width_100 vc_sep_pos_align_center vc_separator_no_text vc_sep_color_white wpb_content_element  wpb_content_element\" ><span class=\"vc_sep_holder vc_sep_holder_l\"><span class=\"vc_sep_line\"><\/span><\/span><span class=\"vc_sep_holder vc_sep_holder_r\"><span class=\"vc_sep_line\"><\/span><\/span>\n<\/div><\/div><\/div><\/div><\/div><div class=\"vc_row wpb_row vc_row-fluid vc_row-o-content-top vc_row-flex\"><div class=\"wpb_column vc_column_container vc_col-sm-12\"><div class=\"vc_column-inner vc_custom_1750755132272\"><div class=\"wpb_wrapper\"><div class=\"vc_separator wpb_content_element vc_separator_align_center vc_sep_width_100 vc_sep_pos_align_center vc_sep_color_white wpb_content_element title-separator h2 wpb_animate_when_almost_visible wpb_fadeIn fadeIn vc_separator-has-text\" ><span class=\"vc_sep_holder vc_sep_holder_l\"><span class=\"vc_sep_line\"><\/span><\/span><h4>CAVE DE VIR\u00c9, SINCE 1928<\/h4><span class=\"vc_sep_holder vc_sep_holder_r\"><span class=\"vc_sep_line\"><\/span><\/span>\n<\/div><div class=\"vc_empty_space\"   style=\"height: 20px\"><span class=\"vc_empty_space_inner\"><\/span><\/div>\n\t<div class=\"wpb_text_column wpb_content_element\" >\n\t\t<div class=\"wpb_wrapper\">\n\t\t\t<h2 class=\"p1\" style=\"text-align: center;\">V\u00e9rizet's story tells of a terroir, first and foremost. Over time, it has become the story of Vir\u00e9-Cless\u00e9 wines. The Chardonnay vine stocks have found their soil of choice on the M\u00e2connais slopes of the ancient Ch\u00e2tellenie de V\u00e9rizet, in Burgundy. A limestone terroir and the determined efforts of generations of winegrowers have given rise to white wines that are rounded, full-bodied, rich and subtle. A magical alliance between fruit and minerality.<\/h2>\n\n\t\t<\/div>\n\t<\/div>\n<\/div><\/div><\/div><\/div><div class=\"vc_row wpb_row vc_row-fluid\"><div class=\"wpb_column vc_column_container vc_col-sm-4\"><div class=\"vc_column-inner\"><div class=\"wpb_wrapper\"><\/div><\/div><\/div><div class=\"wpb_column vc_column_container vc_col-sm-4\"><div class=\"vc_column-inner\"><div class=\"wpb_wrapper\"><style>.vc_btn3-style-gradient-custom.vc_btn-gradient-btn-69e1998bd96d9:hover{color: #ffffff;background-color: #000000;border: none;background-position: 100% 0;}<\/style><style>.vc_btn3-style-gradient-custom.vc_btn-gradient-btn-69e1998bd96d9{color: #ffffff;border: none;background-color: #000000;background-image: -webkit-linear-gradient(left, #000000 0%, #000000 50%,#000000 100%);background-image: linear-gradient(to right, #000000 0%, #000000 50%,#000000 100%);-webkit-transition: all .2s ease-in-out;transition: all .2s ease-in-out;background-size: 200% 100%;}<\/style><div class=\"vc_btn3-container  baton vc_btn3-center vc_do_btn\" ><a data-vc-gradient-1=\"#000000\" data-vc-gradient-2=\"#000000\" class=\"vc_general vc_btn3 vc_btn3-size-md vc_btn3-shape-rounded vc_btn3-style-gradient-custom vc_btn-gradient-btn-69e1998bd96d9\" href=\"https:\/\/www.verizet.fr\/wp-content\/uploads\/2026\/04\/maquette_brochure_12_pages_verizet_290224_EN-NV-bdef.pdf\" title=\"Brochure\" target=\"_blank\">Download our brochure<\/a><\/div><div class=\"vc_empty_space\"   style=\"height: 32px\"><span class=\"vc_empty_space_inner\"><\/span><\/div><\/div><\/div><\/div><div class=\"wpb_column vc_column_container vc_col-sm-4\"><div class=\"vc_column-inner\"><div class=\"wpb_wrapper\"><\/div><\/div><\/div><\/div><div data-vc-full-width=\"true\" data-vc-full-width-init=\"false\" class=\"vc_row wpb_row vc_row-fluid vc_custom_1590409034610 vc_row-has-fill\"><div class=\"wpb_column vc_column_container vc_col-sm-4\"><div class=\"vc_column-inner\"><div class=\"wpb_wrapper\">\n\t<div  class=\"wpb_single_image wpb_content_element vc_align_center wpb_content_element\">\n\t\t\n\t\t<figure class=\"wpb_wrapper vc_figure\">\n\t\t\t<div class=\"vc_single_image-wrapper vc_box_rounded  vc_box_border_grey\"><img loading=\"lazy\" decoding=\"async\" width=\"600\" height=\"500\" src=\"https:\/\/www.verizet.fr\/wp-content\/uploads\/2020\/05\/histoire.jpg\" class=\"vc_single_image-img attachment-full\" alt=\"\" title=\"histoire\" \/><\/div>\n\t\t<\/figure>\n\t<\/div>\n<style>.vc_btn3-style-gradient-custom.vc_btn-gradient-btn-69e1998bd9c91:hover{color: #ffffff;background-color: #000000;border: none;background-position: 100% 0;}<\/style><style>.vc_btn3-style-gradient-custom.vc_btn-gradient-btn-69e1998bd9c91{color: #ffffff;border: none;background-color: #000000;background-image: -webkit-linear-gradient(left, #000000 0%, #000000 50%,#000000 100%);background-image: linear-gradient(to right, #000000 0%, #000000 50%,#000000 100%);-webkit-transition: all .2s ease-in-out;transition: all .2s ease-in-out;background-size: 200% 100%;}<\/style><div class=\"vc_btn3-container  baton vc_btn3-center vc_do_btn\" ><a data-vc-gradient-1=\"#000000\" data-vc-gradient-2=\"#000000\" class=\"vc_general vc_btn3 vc_btn3-size-md vc_btn3-shape-rounded vc_btn3-style-gradient-custom vc_btn-gradient-btn-69e1998bd9c91\" href=\"https:\/\/www.verizet.fr\/en\/histoire\/\" title=\"History\">Our rich history<\/a><\/div><\/div><\/div><\/div><div class=\"wpb_column vc_column_container vc_col-sm-4\"><div class=\"vc_column-inner\"><div class=\"wpb_wrapper\">\n\t<div  class=\"wpb_single_image wpb_content_element vc_align_left wpb_content_element\">\n\t\t\n\t\t<figure class=\"wpb_wrapper vc_figure\">\n\t\t\t<div class=\"vc_single_image-wrapper vc_box_rounded  vc_box_border_grey\"><img loading=\"lazy\" decoding=\"async\" width=\"600\" height=\"500\" src=\"https:\/\/www.verizet.fr\/wp-content\/uploads\/2020\/05\/geographie.jpg\" class=\"vc_single_image-img attachment-full\" alt=\"\" title=\"geographie\" \/><\/div>\n\t\t<\/figure>\n\t<\/div>\n<style>.vc_btn3-style-gradient-custom.vc_btn-gradient-btn-69e1998bda13e:hover{color: #ffffff;background-color: #000000;border: none;background-position: 100% 0;}<\/style><style>.vc_btn3-style-gradient-custom.vc_btn-gradient-btn-69e1998bda13e{color: #ffffff;border: none;background-color: #000000;background-image: -webkit-linear-gradient(left, #000000 0%, #000000 50%,#000000 100%);background-image: linear-gradient(to right, #000000 0%, #000000 50%,#000000 100%);-webkit-transition: all .2s ease-in-out;transition: all .2s ease-in-out;background-size: 200% 100%;}<\/style><div class=\"vc_btn3-container  baton vc_btn3-center vc_do_btn\" ><a data-vc-gradient-1=\"#000000\" data-vc-gradient-2=\"#000000\" class=\"vc_general vc_btn3 vc_btn3-size-md vc_btn3-shape-rounded vc_btn3-style-gradient-custom vc_btn-gradient-btn-69e1998bda13e\" href=\"https:\/\/www.verizet.fr\/en\/geographie\/\" title=\"Geography\">Blessed by our geography<\/a><\/div><\/div><\/div><\/div><div class=\"wpb_column vc_column_container vc_col-sm-4\"><div class=\"vc_column-inner\"><div class=\"wpb_wrapper\">\n\t<div  class=\"wpb_single_image wpb_content_element vc_align_left wpb_content_element\">\n\t\t\n\t\t<figure class=\"wpb_wrapper vc_figure\">\n\t\t\t<div class=\"vc_single_image-wrapper vc_box_rounded  vc_box_border_grey\"><img loading=\"lazy\" decoding=\"async\" width=\"600\" height=\"500\" src=\"https:\/\/www.verizet.fr\/wp-content\/uploads\/2020\/05\/vins.jpg\" class=\"vc_single_image-img attachment-full\" alt=\"\" title=\"vins\" \/><\/div>\n\t\t<\/figure>\n\t<\/div>\n<style>.vc_btn3-style-gradient-custom.vc_btn-gradient-btn-69e1998bda4f7:hover{color: #ffffff;background-color: #000000;border: none;background-position: 100% 0;}<\/style><style>.vc_btn3-style-gradient-custom.vc_btn-gradient-btn-69e1998bda4f7{color: #ffffff;border: none;background-color: #000000;background-image: -webkit-linear-gradient(left, #000000 0%, #000000 50%,#000000 100%);background-image: linear-gradient(to right, #000000 0%, #000000 50%,#000000 100%);-webkit-transition: all .2s ease-in-out;transition: all .2s ease-in-out;background-size: 200% 100%;}<\/style><div class=\"vc_btn3-container  baton vc_btn3-center vc_do_btn\" ><a data-vc-gradient-1=\"#000000\" data-vc-gradient-2=\"#000000\" class=\"vc_general vc_btn3 vc_btn3-size-md vc_btn3-shape-rounded vc_btn3-style-gradient-custom vc_btn-gradient-btn-69e1998bda4f7\" href=\"https:\/\/www.verizet.fr\/en\/vins\/\" title=\"Geography\">Our delightful wines<\/a><\/div><\/div><\/div><\/div><\/div><div class=\"vc_row-full-width vc_clearfix\"><\/div><div data-vc-full-width=\"true\" data-vc-full-width-init=\"false\" data-vc-stretch-content=\"true\" class=\"vc_row wpb_row vc_row-fluid vc_custom_1590409480338 vc_row-no-padding vc_row-o-equal-height vc_row-o-content-middle vc_row-flex\"><div class=\"wpb_column vc_column_container vc_col-sm-4\"><div class=\"vc_column-inner\"><div class=\"wpb_wrapper\">\n\t<div class=\"wpb_raw_code wpb_raw_html wpb_content_element vc_custom_1590409988768\" >\n\t\t<div class=\"wpb_wrapper\">\n\t\t\t<div class=\"carre\">1<\/div>\n\t\t<\/div>\n\t<\/div>\n\n\t<div  class=\"wpb_single_image wpb_content_element vc_align_center wpb_content_element wpb_animate_when_almost_visible wpb_fadeIn fadeIn vc_custom_1606903255754\">\n\t\t\n\t\t<figure class=\"wpb_wrapper vc_figure\">\n\t\t\t<div class=\"vc_single_image-wrapper   vc_box_border_grey\"><img loading=\"lazy\" decoding=\"async\" width=\"1000\" height=\"1000\" src=\"https:\/\/www.verizet.fr\/wp-content\/uploads\/2020\/12\/vigneron-cave-vire-1.jpg\" class=\"vc_single_image-img attachment-full\" alt=\"\" title=\"vigneron-cave-vire-1\" \/><\/div>\n\t\t<\/figure>\n\t<\/div>\n<\/div><\/div><\/div><div class=\"wpb_column vc_column_container vc_col-sm-4 vc_col-has-fill\"><div class=\"vc_column-inner vc_custom_1590407865823\"><div class=\"wpb_wrapper\">\n\t<div class=\"wpb_text_column wpb_content_element white square\" >\n\t\t<div class=\"wpb_wrapper\">\n\t\t\t<p style=\"text-align: center;\">OUR WINEGROWERS<\/p>\n<div style=\"text-align: center;\">(To name but a few...)<\/div>\n\n\t\t<\/div>\n\t<\/div>\n<\/div><\/div><\/div><div class=\"wpb_column vc_column_container vc_col-sm-4\"><div class=\"vc_column-inner vc_custom_1590407855258\"><div class=\"wpb_wrapper\">\n\t<div class=\"wpb_raw_code wpb_raw_html wpb_content_element vc_custom_1590410167666\" >\n\t\t<div class=\"wpb_wrapper\">\n\t\t\t<div class=\"carre\">2<\/div>\n\t\t<\/div>\n\t<\/div>\n\n\t<div  class=\"wpb_single_image wpb_content_element vc_align_center wpb_content_element wpb_animate_when_almost_visible wpb_fadeIn fadeIn vc_custom_1695391377453\">\n\t\t\n\t\t<figure class=\"wpb_wrapper vc_figure\">\n\t\t\t<div class=\"vc_single_image-wrapper   vc_box_border_grey\"><img loading=\"lazy\" decoding=\"async\" width=\"1000\" height=\"1000\" src=\"https:\/\/www.verizet.fr\/wp-content\/uploads\/2023\/09\/VictoriaPhotographies_29juin2023-76-VictoriaGIBERTPhotographies01.jpg\" class=\"vc_single_image-img attachment-full\" alt=\"\" title=\"VictoriaPhotographies_29juin2023-76-VictoriaGIBERTPhotographies01\" \/><\/div>\n\t\t<\/figure>\n\t<\/div>\n<\/div><\/div><\/div><\/div><div class=\"vc_row-full-width vc_clearfix\"><\/div><div data-vc-full-width=\"true\" data-vc-full-width-init=\"false\" data-vc-stretch-content=\"true\" class=\"vc_row wpb_row vc_row-fluid vc_custom_1590396083568 vc_row-no-padding vc_row-o-equal-height vc_row-o-content-middle vc_row-flex\"><div class=\"wpb_column vc_column_container vc_col-sm-4\"><div class=\"vc_column-inner\"><div class=\"wpb_wrapper\">\n\t<div class=\"wpb_raw_code wpb_raw_html wpb_content_element vc_custom_1590410092024\" >\n\t\t<div class=\"wpb_wrapper\">\n\t\t\t<div class=\"carre\">3<\/div>\n\t\t<\/div>\n\t<\/div>\n\n\t<div  class=\"wpb_single_image wpb_content_element vc_align_center wpb_content_element wpb_animate_when_almost_visible wpb_fadeIn fadeIn vc_custom_1606903323522\">\n\t\t\n\t\t<figure class=\"wpb_wrapper vc_figure\">\n\t\t\t<div class=\"vc_single_image-wrapper   vc_box_border_grey\"><img loading=\"lazy\" decoding=\"async\" width=\"1000\" height=\"1000\" src=\"https:\/\/www.verizet.fr\/wp-content\/uploads\/2020\/12\/vigneron-cave-vire-3.jpg\" class=\"vc_single_image-img attachment-full\" alt=\"\" title=\"vigneron-cave-vire-3\" \/><\/div>\n\t\t<\/figure>\n\t<\/div>\n<\/div><\/div><\/div><div class=\"wpb_column vc_column_container vc_col-sm-4\"><div class=\"vc_column-inner vc_custom_1590396368670\"><div class=\"wpb_wrapper\">\n\t<div class=\"wpb_raw_code wpb_raw_html wpb_content_element vc_custom_1590410097747\" >\n\t\t<div class=\"wpb_wrapper\">\n\t\t\t<div class=\"carre\">4<\/div>\n\t\t<\/div>\n\t<\/div>\n\n\t<div  class=\"wpb_single_image wpb_content_element vc_align_center wpb_content_element wpb_animate_when_almost_visible wpb_fadeIn fadeIn vc_custom_1606903361909\">\n\t\t\n\t\t<figure class=\"wpb_wrapper vc_figure\">\n\t\t\t<div class=\"vc_single_image-wrapper   vc_box_border_grey\"><img loading=\"lazy\" decoding=\"async\" width=\"1000\" height=\"1000\" src=\"https:\/\/www.verizet.fr\/wp-content\/uploads\/2020\/12\/vigneron-cave-vire-4.jpg\" class=\"vc_single_image-img attachment-full\" alt=\"\" title=\"vigneron-cave-vire-4\" \/><\/div>\n\t\t<\/figure>\n\t<\/div>\n<\/div><\/div><\/div><div class=\"wpb_column vc_column_container vc_col-sm-4\"><div class=\"vc_column-inner\"><div class=\"wpb_wrapper\">\n\t<div class=\"wpb_raw_code wpb_raw_html wpb_content_element vc_custom_1590410102586\" >\n\t\t<div class=\"wpb_wrapper\">\n\t\t\t<div class=\"carre\">5<\/div>\n\t\t<\/div>\n\t<\/div>\n\n\t<div  class=\"wpb_single_image wpb_content_element vc_align_center wpb_content_element wpb_animate_when_almost_visible wpb_fadeIn fadeIn vc_custom_1606903433078\">\n\t\t\n\t\t<figure class=\"wpb_wrapper vc_figure\">\n\t\t\t<div class=\"vc_single_image-wrapper   vc_box_border_grey\"><img loading=\"lazy\" decoding=\"async\" width=\"1000\" height=\"1000\" src=\"https:\/\/www.verizet.fr\/wp-content\/uploads\/2020\/12\/vigneron-cave-vire-5.jpg\" class=\"vc_single_image-img attachment-full\" alt=\"\" title=\"vigneron-cave-vire-5\" \/><\/div>\n\t\t<\/figure>\n\t<\/div>\n<\/div><\/div><\/div><\/div><div class=\"vc_row-full-width vc_clearfix\"><\/div><div data-vc-full-width=\"true\" data-vc-full-width-init=\"false\" data-vc-stretch-content=\"true\" class=\"vc_row wpb_row vc_row-fluid vc_custom_1590410441143 vc_row-no-padding vc_row-o-equal-height vc_row-o-content-middle vc_row-flex\"><div class=\"wpb_column vc_column_container vc_col-sm-4\"><div class=\"vc_column-inner\"><div class=\"wpb_wrapper\">\n\t<div class=\"wpb_raw_code wpb_raw_html wpb_content_element vc_custom_1590410108481\" >\n\t\t<div class=\"wpb_wrapper\">\n\t\t\t<div class=\"carre\">6<\/div>\n\t\t<\/div>\n\t<\/div>\n\n\t<div  class=\"wpb_single_image wpb_content_element vc_align_center wpb_content_element wpb_animate_when_almost_visible wpb_fadeIn fadeIn vc_custom_1606903487934\">\n\t\t\n\t\t<figure class=\"wpb_wrapper vc_figure\">\n\t\t\t<div class=\"vc_single_image-wrapper   vc_box_border_grey\"><img loading=\"lazy\" decoding=\"async\" width=\"1000\" height=\"1000\" src=\"https:\/\/www.verizet.fr\/wp-content\/uploads\/2020\/12\/vigneron-cave-vire-6.jpg\" class=\"vc_single_image-img attachment-full\" alt=\"\" title=\"vigneron-cave-vire-6\" \/><\/div>\n\t\t<\/figure>\n\t<\/div>\n<\/div><\/div><\/div><div class=\"wpb_column vc_column_container vc_col-sm-4\"><div class=\"vc_column-inner vc_custom_1590396381139\"><div class=\"wpb_wrapper\">\n\t<div class=\"wpb_raw_code wpb_raw_html wpb_content_element vc_custom_1590410114907\" >\n\t\t<div class=\"wpb_wrapper\">\n\t\t\t<div class=\"carre\">7<\/div>\n\t\t<\/div>\n\t<\/div>\n\n\t<div  class=\"wpb_single_image wpb_content_element vc_align_center wpb_content_element wpb_animate_when_almost_visible wpb_fadeIn fadeIn vc_custom_1606903509387\">\n\t\t\n\t\t<figure class=\"wpb_wrapper vc_figure\">\n\t\t\t<div class=\"vc_single_image-wrapper   vc_box_border_grey\"><img loading=\"lazy\" decoding=\"async\" width=\"1000\" height=\"1000\" src=\"https:\/\/www.verizet.fr\/wp-content\/uploads\/2020\/12\/vigneron-cave-vire-7.jpg\" class=\"vc_single_image-img attachment-full\" alt=\"\" title=\"vigneron-cave-vire-7\" \/><\/div>\n\t\t<\/figure>\n\t<\/div>\n<\/div><\/div><\/div><div class=\"wpb_column vc_column_container vc_col-sm-4 vc_col-has-fill\"><div class=\"vc_column-inner vc_custom_1590410882689\"><div class=\"wpb_wrapper\">\n\t<div class=\"wpb_text_column wpb_content_element white vigneron\" >\n\t\t<div class=\"wpb_wrapper\">\n\t\t\t<p>1 \u00a0 Vincent Eysseric, Saint-Albain,<br \/>\nM\u00e2con-Villages and M\u00e2con-Lugny winegrower<\/p>\n<p>2 \u00a0 Didier Vermeil, Saint-Martin-Belle-Roche,<br \/>\nChairman, M\u00e2con-Villages winegrower<\/p>\n<p>3 \u00a0 \u00c9tienne Lacroze, Cless\u00e9,<br \/>\nVir\u00e9-Cless\u00e9 winegrower (Quintaine and En Long Champ)<\/p>\n<p>4 \u00a0 Alexandre Janaudy, Vir\u00e9,<br \/>\nVir\u00e9-Cless\u00e9 winegrower<\/p>\n<p>5 \u00a0 Jean-Philippe Hanchin,<br \/>\ntechnical manager<\/p>\n<p>6 \u00a0 Benjamin Pannetier, Fleurville,<br \/>\nM\u00e2con-Villages and Vir\u00e9-Cless\u00e9 winegrower<\/p>\n<p>7 \u00a0 St\u00e9phane Jacob, Montbellet,<br \/>\nVir\u00e9-Cless\u00e9 winegrower<\/p>\n\n\t\t<\/div>\n\t<\/div>\n<\/div><\/div><\/div><\/div><div class=\"vc_row-full-width vc_clearfix\"><\/div><div class=\"vc_row wpb_row vc_row-fluid\"><div class=\"wpb_column vc_column_container vc_col-sm-12\"><div class=\"vc_column-inner\"><div class=\"wpb_wrapper\"><\/div><\/div><\/div><\/div><div class=\"vc_row wpb_row vc_row-fluid\"><div class=\"wpb_column vc_column_container vc_col-sm-12\"><div class=\"vc_column-inner\"><div class=\"wpb_wrapper\"><\/div><\/div><\/div><\/div>\n<\/div>"},"excerpt":{"rendered":"Aller sur notre boutique en ligne CAVE DE VIR\u00c9, DEPUIS 1928 V\u00e9rizet, c\u2019est d\u2019abord une histoire de terroir, devenu au fil du temps celui des vins de Vir\u00e9-Cless\u00e9. Sur les coteaux du M\u00e2connais de la tr\u00e8s ancienne Ch\u00e2tellenie de V\u00e9rizet, en Bourgogne, les pieds de chardonnay ont trouv\u00e9 une terre de pr\u00e9dilection. Gr\u00e2ce \u00e0 ce [...]","protected":false},"author":1,"featured_media":0,"parent":0,"menu_order":0,"comment_status":"closed","ping_status":"closed","template":"","meta":{"footnotes":""},"class_list":["post-113","page","type-page","status-publish","hentry"],"yoast_head":"<!-- This site is optimized with the Yoast SEO plugin v25.3.1 - https:\/\/yoast.com\/wordpress\/plugins\/seo\/ -->\n<title>V\u00e9rizet, grands vins de Vir\u00e9-Cless\u00e9 et du M\u00e2connais<\/title>\n<meta name=\"description\" content=\"Sur les coteaux du M\u00e2connais de la tr\u00e8s ancienne Ch\u00e2tellenie de V\u00e9rizet, en Bourgogne, le chardonnay a trouv\u00e9 une terre de pr\u00e9dilection.\" \/>\n<meta name=\"robots\" content=\"index, follow, max-snippet:-1, max-image-preview:large, max-video-preview:-1\" \/>\n<link rel=\"canonical\" href=\"https:\/\/www.verizet.fr\/en\/\" \/>\n<meta property=\"og:locale\" content=\"en_GB\" \/>\n<meta property=\"og:type\" content=\"article\" \/>\n<meta property=\"og:title\" content=\"V\u00e9rizet, grands vins de Vir\u00e9-Cless\u00e9 et du M\u00e2connais\" \/>\n<meta property=\"og:description\" content=\"Sur les coteaux du M\u00e2connais de la tr\u00e8s ancienne Ch\u00e2tellenie de V\u00e9rizet, en Bourgogne, le chardonnay a trouv\u00e9 une terre de pr\u00e9dilection.\" \/>\n<meta property=\"og:url\" content=\"https:\/\/www.verizet.fr\/en\/\" \/>\n<meta property=\"og:site_name\" content=\"V\u00e9rizet\" \/>\n<meta property=\"article:modified_time\" content=\"2026-04-11T14:41:41+00:00\" \/>\n<meta name=\"twitter:card\" content=\"summary_large_image\" \/>\n<meta name=\"twitter:label1\" content=\"Estimated reading time\" \/>\n\t<meta name=\"twitter:data1\" content=\"5 minutes\" \/>\n<!-- \/ Yoast SEO plugin. -->","yoast_head_json":{"title":"V\u00e9rizet, grands vins de Vir\u00e9-Cless\u00e9 et du M\u00e2connais","description":"Sur les coteaux du M\u00e2connais de la tr\u00e8s ancienne Ch\u00e2tellenie de V\u00e9rizet, en Bourgogne, le chardonnay a trouv\u00e9 une terre de pr\u00e9dilection.","robots":{"index":"index","follow":"follow","max-snippet":"max-snippet:-1","max-image-preview":"max-image-preview:large","max-video-preview":"max-video-preview:-1"},"canonical":"https:\/\/www.verizet.fr\/en\/","og_locale":"en_GB","og_type":"article","og_title":"V\u00e9rizet, grands vins de Vir\u00e9-Cless\u00e9 et du M\u00e2connais","og_description":"Sur les coteaux du M\u00e2connais de la tr\u00e8s ancienne Ch\u00e2tellenie de V\u00e9rizet, en Bourgogne, le chardonnay a trouv\u00e9 une terre de pr\u00e9dilection.","og_url":"https:\/\/www.verizet.fr\/en\/","og_site_name":"V\u00e9rizet","article_modified_time":"2026-04-11T14:41:41+00:00","twitter_card":"summary_large_image","twitter_misc":{"Estimated reading time":"5 minutes"},"schema":{"@context":"https:\/\/schema.org","@graph":[{"@type":"WebPage","@id":"https:\/\/www.verizet.fr\/","url":"https:\/\/www.verizet.fr\/","name":"V\u00e9rizet, grands vins de Vir\u00e9-Cless\u00e9 et du M\u00e2connais","isPartOf":{"@id":"https:\/\/www.verizet.fr\/#website"},"datePublished":"2020-05-25T07:51:44+00:00","dateModified":"2026-04-11T14:41:41+00:00","description":"Sur les coteaux du M\u00e2connais de la tr\u00e8s ancienne Ch\u00e2tellenie de V\u00e9rizet, en Bourgogne, le chardonnay a trouv\u00e9 une terre de pr\u00e9dilection.","breadcrumb":{"@id":"https:\/\/www.verizet.fr\/#breadcrumb"},"inLanguage":"en-GB","potentialAction":[{"@type":"ReadAction","target":["https:\/\/www.verizet.fr\/"]}]},{"@type":"BreadcrumbList","@id":"https:\/\/www.verizet.fr\/#breadcrumb","itemListElement":[{"@type":"ListItem","position":1,"name":"Accueil","item":"https:\/\/www.verizet.fr\/"},{"@type":"ListItem","position":2,"name":"Accueil"}]},{"@type":"WebSite","@id":"https:\/\/www.verizet.fr\/#website","url":"https:\/\/www.verizet.fr\/","name":"V\u00e9rizet","description":"","publisher":{"@id":"https:\/\/www.verizet.fr\/#organization"},"inLanguage":"en-GB"},{"@type":"Organization","@id":"https:\/\/www.verizet.fr\/#organization","name":"V\u00e9rizet","url":"https:\/\/www.verizet.fr\/","logo":{"@type":"ImageObject","inLanguage":"en-GB","@id":"https:\/\/www.verizet.fr\/#\/schema\/logo\/image\/","url":"https:\/\/www.verizet.fr\/wp-content\/uploads\/2020\/06\/logo-verizet-horizon.png","contentUrl":"https:\/\/www.verizet.fr\/wp-content\/uploads\/2020\/06\/logo-verizet-horizon.png","width":400,"height":139,"caption":"V\u00e9rizet"},"image":{"@id":"https:\/\/www.verizet.fr\/#\/schema\/logo\/image\/"}}]}},"_links":{"self":[{"href":"https:\/\/www.verizet.fr\/en\/wp-json\/wp\/v2\/pages\/113","targetHints":{"allow":["GET"]}}],"collection":[{"href":"https:\/\/www.verizet.fr\/en\/wp-json\/wp\/v2\/pages"}],"about":[{"href":"https:\/\/www.verizet.fr\/en\/wp-json\/wp\/v2\/types\/page"}],"author":[{"embeddable":true,"href":"https:\/\/www.verizet.fr\/en\/wp-json\/wp\/v2\/users\/1"}],"replies":[{"embeddable":true,"href":"https:\/\/www.verizet.fr\/en\/wp-json\/wp\/v2\/comments?post=113"}],"version-history":[{"count":153,"href":"https:\/\/www.verizet.fr\/en\/wp-json\/wp\/v2\/pages\/113\/revisions"}],"predecessor-version":[{"id":1347,"href":"https:\/\/www.verizet.fr\/en\/wp-json\/wp\/v2\/pages\/113\/revisions\/1347"}],"wp:attachment":[{"href":"https:\/\/www.verizet.fr\/en\/wp-json\/wp\/v2\/media?parent=113"}],"curies":[{"name":"wp","href":"https:\/\/api.w.org\/{rel}","templated":true}]}}