{"id":232,"date":"2020-06-05T17:06:47","date_gmt":"2020-06-05T15:06:47","guid":{"rendered":"https:\/\/www.verizet.fr\/?page_id=232"},"modified":"2025-07-17T17:46:18","modified_gmt":"2025-07-17T15:46:18","slug":"mentions-legales","status":"publish","type":"page","link":"https:\/\/www.verizet.fr\/en\/mentions-legales\/","title":{"rendered":"Legal notices"},"content":{"rendered":"<div class=\"wpb-content-wrapper\"><div class=\"vc_row wpb_row vc_row-fluid\"><div class=\"wpb_column vc_column_container vc_col-sm-12\"><div class=\"vc_column-inner\"><div class=\"wpb_wrapper\"><div class=\"vc_empty_space\"   style=\"height: 32px\"><span class=\"vc_empty_space_inner\"><\/span><\/div><\/div><\/div><\/div><\/div><div class=\"vc_row wpb_row vc_row-fluid\"><div class=\"wpb_column vc_column_container vc_col-sm-12\"><div class=\"vc_column-inner\"><div class=\"wpb_wrapper\"><h1 style=\"text-align: left\" class=\"vc_custom_heading vc_do_custom_heading\" >Legal notices<\/h1><div class=\"vc_empty_space\"   style=\"height: 32px\"><span class=\"vc_empty_space_inner\"><\/span><\/div>\n\t<div class=\"wpb_text_column wpb_content_element\" >\n\t\t<div class=\"wpb_wrapper\">\n\t\t\t<blockquote>\n<div class=\"\">\n<div class=\"\">\n<div class=\"\">\n<div class=\"x_AppleOriginalContents\">\n<blockquote class=\"\">\n<div class=\"\">\n<div class=\"\">\n<div class=\"\">\n<div class=\"\">\n<div class=\"\">\n<div>\n<p>The owner and publisher of this website is SCA CAVE DE VIR\u00c9 with its registered office at 1 rue de la Cave 71260 Vir\u00e9<br \/>\nT\u00e9l. +33 (0)3 85 32 25 50<\/p>\n<p>Publication director: Didier Vermeil<\/p>\n<p>The texts, illustrations, photographic works presented on this site are protected by the Intellectual Property Code and international conventions on literary and artistic property, and may not be used, reproduced, represented, adapted or copied, in whole or in part, in any form, by any existing or future process, in any place whatsoever, without our agreement.<\/p>\n<p>In the event of a dispute, the court of M\u00e2con would have jurisdiction.<\/p>\n<p>Cr\u00e9dits photos : Aur\u00e9lien Ibanez, Michel Joly, Images &amp; Associ\u00e9s, Laure Villain, Victoria Gibert<\/p>\n<\/div>\n<\/div>\n<\/div>\n<\/div>\n<\/div>\n<\/div>\n<\/blockquote>\n<\/div>\n<\/div>\n<\/div>\n<\/div>\n<\/blockquote>\n\n\t\t<\/div>\n\t<\/div>\n<\/div><\/div><\/div><\/div><div class=\"vc_row wpb_row vc_row-fluid\"><div class=\"wpb_column vc_column_container vc_col-sm-12\"><div class=\"vc_column-inner\"><div class=\"wpb_wrapper\"><div class=\"vc_empty_space\"   style=\"height: 32px\"><span class=\"vc_empty_space_inner\"><\/span><\/div><\/div><\/div><\/div><\/div>\n<\/div>"},"excerpt":{"rendered":"Mentions l\u00e9gales Le propri\u00e9taire et \u00e9diteur de ce site internet est\u00a0SCA CAVE DE VIR\u00c9\u00a0ayant son si\u00e8ge social\u00a01 rue de la Cave 71260 Vir\u00e9 T\u00e9l. +33 (0)3 85 32 25 50 Directeur de publication : Didier Vermeil Les textes, les illustrations, les \u0153uvres photographiques, pr\u00e9sent\u00e9s sur ce site sont prot\u00e9g\u00e9s par le Code de la propri\u00e9t\u00e9 [...]","protected":false},"author":1,"featured_media":0,"parent":0,"menu_order":0,"comment_status":"closed","ping_status":"closed","template":"","meta":{"footnotes":""},"class_list":["post-232","page","type-page","status-publish","hentry"],"yoast_head":"<!-- This site is optimized with the Yoast SEO plugin v25.3.1 - https:\/\/yoast.com\/wordpress\/plugins\/seo\/ -->\n<title>Mentions l\u00e9gales - V\u00e9rizet<\/title>\n<meta name=\"robots\" content=\"index, follow, max-snippet:-1, max-image-preview:large, max-video-preview:-1\" \/>\n<link rel=\"canonical\" href=\"https:\/\/www.verizet.fr\/en\/mentions-legales\/\" \/>\n<meta property=\"og:locale\" content=\"en_GB\" \/>\n<meta property=\"og:type\" content=\"article\" \/>\n<meta property=\"og:title\" content=\"Mentions l\u00e9gales - V\u00e9rizet\" \/>\n<meta property=\"og:url\" content=\"https:\/\/www.verizet.fr\/en\/mentions-legales\/\" \/>\n<meta property=\"og:site_name\" content=\"V\u00e9rizet\" \/>\n<meta property=\"article:modified_time\" content=\"2025-07-17T15:46:18+00:00\" \/>\n<meta name=\"twitter:card\" content=\"summary_large_image\" \/>\n<meta name=\"twitter:label1\" content=\"Estimated reading time\" \/>\n\t<meta name=\"twitter:data1\" content=\"1 minute\" \/>\n<!-- \/ Yoast SEO plugin. -->","yoast_head_json":{"title":"Mentions l\u00e9gales - V\u00e9rizet","robots":{"index":"index","follow":"follow","max-snippet":"max-snippet:-1","max-image-preview":"max-image-preview:large","max-video-preview":"max-video-preview:-1"},"canonical":"https:\/\/www.verizet.fr\/en\/mentions-legales\/","og_locale":"en_GB","og_type":"article","og_title":"Mentions l\u00e9gales - V\u00e9rizet","og_url":"https:\/\/www.verizet.fr\/en\/mentions-legales\/","og_site_name":"V\u00e9rizet","article_modified_time":"2025-07-17T15:46:18+00:00","twitter_card":"summary_large_image","twitter_misc":{"Estimated reading time":"1 minute"},"schema":{"@context":"https:\/\/schema.org","@graph":[{"@type":"WebPage","@id":"https:\/\/www.verizet.fr\/mentions-legales\/","url":"https:\/\/www.verizet.fr\/mentions-legales\/","name":"Mentions l\u00e9gales - V\u00e9rizet","isPartOf":{"@id":"https:\/\/www.verizet.fr\/#website"},"datePublished":"2020-06-05T15:06:47+00:00","dateModified":"2025-07-17T15:46:18+00:00","breadcrumb":{"@id":"https:\/\/www.verizet.fr\/mentions-legales\/#breadcrumb"},"inLanguage":"en-GB","potentialAction":[{"@type":"ReadAction","target":["https:\/\/www.verizet.fr\/mentions-legales\/"]}]},{"@type":"BreadcrumbList","@id":"https:\/\/www.verizet.fr\/mentions-legales\/#breadcrumb","itemListElement":[{"@type":"ListItem","position":1,"name":"Accueil","item":"https:\/\/www.verizet.fr\/"},{"@type":"ListItem","position":2,"name":"Mentions l\u00e9gales"}]},{"@type":"WebSite","@id":"https:\/\/www.verizet.fr\/#website","url":"https:\/\/www.verizet.fr\/","name":"V\u00e9rizet","description":"","publisher":{"@id":"https:\/\/www.verizet.fr\/#organization"},"inLanguage":"en-GB"},{"@type":"Organization","@id":"https:\/\/www.verizet.fr\/#organization","name":"V\u00e9rizet","url":"https:\/\/www.verizet.fr\/","logo":{"@type":"ImageObject","inLanguage":"en-GB","@id":"https:\/\/www.verizet.fr\/#\/schema\/logo\/image\/","url":"https:\/\/www.verizet.fr\/wp-content\/uploads\/2020\/06\/logo-verizet-horizon.png","contentUrl":"https:\/\/www.verizet.fr\/wp-content\/uploads\/2020\/06\/logo-verizet-horizon.png","width":400,"height":139,"caption":"V\u00e9rizet"},"image":{"@id":"https:\/\/www.verizet.fr\/#\/schema\/logo\/image\/"}}]}},"_links":{"self":[{"href":"https:\/\/www.verizet.fr\/en\/wp-json\/wp\/v2\/pages\/232","targetHints":{"allow":["GET"]}}],"collection":[{"href":"https:\/\/www.verizet.fr\/en\/wp-json\/wp\/v2\/pages"}],"about":[{"href":"https:\/\/www.verizet.fr\/en\/wp-json\/wp\/v2\/types\/page"}],"author":[{"embeddable":true,"href":"https:\/\/www.verizet.fr\/en\/wp-json\/wp\/v2\/users\/1"}],"replies":[{"embeddable":true,"href":"https:\/\/www.verizet.fr\/en\/wp-json\/wp\/v2\/comments?post=232"}],"version-history":[{"count":16,"href":"https:\/\/www.verizet.fr\/en\/wp-json\/wp\/v2\/pages\/232\/revisions"}],"predecessor-version":[{"id":1239,"href":"https:\/\/www.verizet.fr\/en\/wp-json\/wp\/v2\/pages\/232\/revisions\/1239"}],"wp:attachment":[{"href":"https:\/\/www.verizet.fr\/en\/wp-json\/wp\/v2\/media?parent=232"}],"curies":[{"name":"wp","href":"https:\/\/api.w.org\/{rel}","templated":true}]}}