{"id":421,"date":"2020-12-02T11:06:31","date_gmt":"2020-12-02T10:06:31","guid":{"rendered":"https:\/\/www.verizet.fr\/?page_id=421"},"modified":"2026-04-04T18:23:13","modified_gmt":"2026-04-04T16:23:13","slug":"caveaux","status":"publish","type":"page","link":"https:\/\/www.verizet.fr\/en\/caveaux\/","title":{"rendered":"Our cellars and opening hours"},"content":{"rendered":"<div class=\"wpb-content-wrapper\"><div class=\"vc_row wpb_row vc_row-fluid\"><div class=\"wpb_column vc_column_container vc_col-sm-12\"><div class=\"vc_column-inner\"><div class=\"wpb_wrapper\"><div class=\"vc_empty_space\"   style=\"height: 50px\"><span class=\"vc_empty_space_inner\"><\/span><\/div><\/div><\/div><\/div><\/div><div class=\"vc_row wpb_row vc_row-fluid\"><div class=\"wpb_column vc_column_container vc_col-sm-12\"><div class=\"vc_column-inner\"><div class=\"wpb_wrapper\"><h1 style=\"text-align: center\" class=\"vc_custom_heading vc_do_custom_heading\" >OUR CELLARS AND OPENING HOURS<\/h1><\/div><\/div><\/div><\/div><div class=\"vc_row wpb_row vc_row-fluid\"><div class=\"wpb_column vc_column_container vc_col-sm-12\"><div class=\"vc_column-inner\"><div class=\"wpb_wrapper\"><div class=\"vc_empty_space\"   style=\"height: 60px\"><span class=\"vc_empty_space_inner\"><\/span><\/div><\/div><\/div><\/div><\/div><div class=\"vc_row wpb_row vc_row-fluid vc_row-o-equal-height vc_row-flex\"><div class=\"wpb_column vc_column_container vc_col-sm-6\"><div class=\"vc_column-inner\"><div class=\"wpb_wrapper\"><h4 style=\"text-align: left\" class=\"vc_custom_heading vc_do_custom_heading\" >La Maison V\u00e9rizet<\/h4><div class=\"vc_empty_space\"   style=\"height: 32px\"><span class=\"vc_empty_space_inner\"><\/span><\/div>\n\t<div  class=\"wpb_single_image wpb_content_element vc_align_left wpb_content_element\">\n\t\t\n\t\t<figure class=\"wpb_wrapper vc_figure\">\n\t\t\t<div class=\"vc_single_image-wrapper   vc_box_border_grey\"><img loading=\"lazy\" decoding=\"async\" width=\"800\" height=\"533\" src=\"https:\/\/www.verizet.fr\/wp-content\/uploads\/2022\/01\/image-caveau-retouch\u00e9-800x533-web-2.jpg\" class=\"vc_single_image-img attachment-full\" alt=\"\" title=\"image caveau retouch\u00e9 800x533 web\" \/><\/div>\n\t\t<\/figure>\n\t<\/div>\n\n\t<div class=\"wpb_text_column wpb_content_element\" >\n\t\t<div class=\"wpb_wrapper\">\n\t\t\t<div class=\"\">\n<div class=\"\">\n<div class=\"\">\n<div class=\"\">2 place Andr\u00e9 Lagrange<\/div>\n<div class=\"\">71260 Vir\u00e9 - France<\/div>\n<div class=\"\">Tel. +33 (0)3 85 33 10 57<\/div>\n<\/div>\n<\/div>\n<\/div>\n\n\t\t<\/div>\n\t<\/div>\n<div class=\"vc_empty_space\"   style=\"height: 24px\"><span class=\"vc_empty_space_inner\"><\/span><\/div><div class=\"vc_separator wpb_content_element vc_separator_align_center vc_sep_width_100 vc_sep_pos_align_center vc_separator_no_text vc_sep_color_grey wpb_content_element  wpb_content_element\" ><span class=\"vc_sep_holder vc_sep_holder_l\"><span class=\"vc_sep_line\"><\/span><\/span><span class=\"vc_sep_holder vc_sep_holder_r\"><span class=\"vc_sep_line\"><\/span><\/span>\n<\/div><div class=\"vc_empty_space\"   style=\"height: 24px\"><span class=\"vc_empty_space_inner\"><\/span><\/div><h3 style=\"text-align: left\" class=\"vc_custom_heading vc_do_custom_heading\" >Nos horaires<\/h3><div class=\"vc_empty_space\"   style=\"height: 8px\"><span class=\"vc_empty_space_inner\"><\/span><\/div><div class=\"vc_empty_space\"   style=\"height: 8px\"><span class=\"vc_empty_space_inner\"><\/span><\/div>\n\t<div class=\"wpb_text_column wpb_content_element vc_custom_1768575291054\" >\n\t\t<div class=\"wpb_wrapper\">\n\t\t\t<div class=\"\">\n<div class=\"\">\n<div class=\"\">\n<div class=\"\">\n<div class=\"\">\n<div class=\"\">\n<div class=\"\">\n<div><strong><em>&gt; Horaires du 31 mars au 25 octobre 2026 :<\/em><\/strong><\/div>\n<\/div>\n<\/div>\n<\/div>\n<\/div>\n<div><\/div>\n<\/div>\n<\/div>\n<\/div>\n<div><\/div>\n<div><\/div>\n\n\t\t<\/div>\n\t<\/div>\n\n\t<div class=\"wpb_text_column wpb_content_element vc_custom_1768575247341\" >\n\t\t<div class=\"wpb_wrapper\">\n\t\t\t<div class=\"\">\n<div class=\"\">\n<div class=\"\">\n<div class=\"\">\n<div class=\"\">\n<div class=\"\">\n<div class=\"\">\n<div class=\"\">Tuesday to Saturday from 9 a.m. to 12:30 p.m. and from 2 p.m. to 7 p.m.<\/div>\n<\/div>\n<\/div>\n<div>Les dimanches de 9h \u00e0 12h30<\/div>\n<div>Closed Mondays<\/div>\n<div class=\"\">\n<div class=\"\">\n<div><\/div>\n<\/div>\n<\/div>\n<\/div>\n<div><\/div>\n<\/div>\n<div><\/div>\n<\/div>\n<\/div>\n<\/div>\n<div><\/div>\n<div><\/div>\n\n\t\t<\/div>\n\t<\/div>\n<div class=\"vc_empty_space\"   style=\"height: 50px\"><span class=\"vc_empty_space_inner\"><\/span><\/div><h5 style=\"text-align: left\" class=\"vc_custom_heading vc_do_custom_heading\" >SERVICES AVAILABLE<\/h5>\n\t<div class=\"wpb_text_column wpb_content_element\" >\n\t\t<div class=\"wpb_wrapper\">\n\t\t\t<div class=\"\">\n<div class=\"\">\n<div class=\"\">\n<div class=\"\">- free tasting of the range of products<\/div>\n<div class=\"\">&#8211; accueil de groupe sur r\u00e9servation jusqu\u2019\u00e0 25 personnes (pas de visite possible de la cave)<\/div>\n<div class=\"\">&#8211; d\u00e9gustation privative dans les vignes (sur r\u00e9servation et soumis \u00e0 conditions)<\/div>\n<div class=\"\">\u2013 gourmet hampers and gift boxes prepared to suit your requirements.<\/div>\n<\/div>\n<\/div>\n<div><\/div>\n<div class=\"\">\n<div class=\"\">For more information, please contact us on +33 (0)3 85 33 10 57<\/div>\n<\/div>\n<\/div>\n\n\t\t<\/div>\n\t<\/div>\n<div class=\"vc_empty_space\"   style=\"height: 18px\"><span class=\"vc_empty_space_inner\"><\/span><\/div><div class=\"wpb_gmaps_widget wpb_content_element\"><div class=\"wpb_wrapper\"><div class=\"wpb_map_wraper\"><iframe loading=\"lazy\" src=\"https:\/\/www.google.com\/maps\/embed?pb=!1m18!1m12!1m3!1d2748.963604364519!2d4.841373216329079!3d46.44941817912497!2m3!1f0!2f0!3f0!3m2!1i1024!2i768!4f13.1!3m3!1m2!1s0x47f312f69ac90a7b%3A0xac04f1ed5585eb48!2sLa%20Cave%20de%20Vir%C3%A9%2C%20la%20Maison...%20(caveau%20de%20d%C3%A9gustation)!5e0!3m2!1sfr!2sfr!4v1606983677100!5m2!1sfr!2sfr\" width=\"600\" height=\"450\" frameborder=\"0\" style=\"border:0;\" allowfullscreen=\"\" aria-hidden=\"false\" tabindex=\"0\"><\/iframe><\/div><\/div><\/div><\/div><\/div><\/div><div class=\"wpb_column vc_column_container vc_col-sm-6\"><div class=\"vc_column-inner\"><div class=\"wpb_wrapper\"><h4 style=\"text-align: left\" class=\"vc_custom_heading vc_do_custom_heading\" >Le Chai de Sennec\u00e9<\/h4><div class=\"vc_empty_space\"   style=\"height: 32px\"><span class=\"vc_empty_space_inner\"><\/span><\/div>\n\t<div  class=\"wpb_single_image wpb_content_element vc_align_left wpb_content_element\">\n\t\t\n\t\t<figure class=\"wpb_wrapper vc_figure\">\n\t\t\t<div class=\"vc_single_image-wrapper   vc_box_border_grey\"><img loading=\"lazy\" decoding=\"async\" width=\"800\" height=\"533\" src=\"https:\/\/www.verizet.fr\/wp-content\/uploads\/2022\/02\/sennecefacadeWEB.jpg\" class=\"vc_single_image-img attachment-full\" alt=\"\" title=\"sennecefacadeWEB\" \/><\/div>\n\t\t<\/figure>\n\t<\/div>\n\n\t<div class=\"wpb_text_column wpb_content_element\" >\n\t\t<div class=\"wpb_wrapper\">\n\t\t\t<div class=\"\">\n<div class=\"\">\n<div class=\"\">\n<div class=\"\">\n<blockquote class=\"\">\n<div class=\"\">\n<div class=\"\">\n<div class=\"\">\n<div class=\"\">639 rue Vr\u00e9montoise<\/div>\n<div class=\"\">71000 Sennec\u00e9-l\u00e8s-M\u00e2con - France<\/div>\n<div class=\"\">Tel. +33 (0)3 85 36 06 99<\/div>\n<\/div>\n<\/div>\n<\/div>\n<\/blockquote>\n<\/div>\n<\/div>\n<\/div>\n<\/div>\n\n\t\t<\/div>\n\t<\/div>\n<div class=\"vc_empty_space\"   style=\"height: 24px\"><span class=\"vc_empty_space_inner\"><\/span><\/div><div class=\"vc_separator wpb_content_element vc_separator_align_center vc_sep_width_100 vc_sep_pos_align_center vc_separator_no_text vc_sep_color_grey wpb_content_element  wpb_content_element\" ><span class=\"vc_sep_holder vc_sep_holder_l\"><span class=\"vc_sep_line\"><\/span><\/span><span class=\"vc_sep_holder vc_sep_holder_r\"><span class=\"vc_sep_line\"><\/span><\/span>\n<\/div><div class=\"vc_empty_space\"   style=\"height: 24px\"><span class=\"vc_empty_space_inner\"><\/span><\/div><h3 style=\"text-align: left\" class=\"vc_custom_heading vc_do_custom_heading\" >Nos horaires<\/h3><div class=\"vc_empty_space\"   style=\"height: 8px\"><span class=\"vc_empty_space_inner\"><\/span><\/div><div class=\"vc_empty_space\"   style=\"height: 8px\"><span class=\"vc_empty_space_inner\"><\/span><\/div>\n\t<div class=\"wpb_text_column wpb_content_element vc_custom_1768575331470\" >\n\t\t<div class=\"wpb_wrapper\">\n\t\t\t<div class=\"\">\n<div class=\"\">\n<div class=\"\">\n<div class=\"\">\n<div class=\"\">\n<div class=\"\">\n<div class=\"\">\n<div><strong><em>&gt; Horaires du 1er avril au 31 octobre 2026 :<\/em><\/strong><\/div>\n<\/div>\n<\/div>\n<\/div>\n<\/div>\n<div><\/div>\n<\/div>\n<\/div>\n<\/div>\n<div><\/div>\n<div><\/div>\n\n\t\t<\/div>\n\t<\/div>\n\n\t<div class=\"wpb_text_column wpb_content_element vc_custom_1772643982894\" >\n\t\t<div class=\"wpb_wrapper\">\n\t\t\t<div class=\"\">\n<div class=\"\">\n<div class=\"\">\n<div class=\"\">\n<div class=\"\">\n<div class=\"\">\n<div class=\"\">\n<div class=\"\">Tuesday to Saturday from 9 a.m. to 12:30 p.m. and from 2 p.m. to 7 p.m.<\/div>\n<\/div>\n<\/div>\n<div>Closed Mondays<\/div>\n<div class=\"\">\n<div class=\"\">\n<div><\/div>\n<\/div>\n<\/div>\n<\/div>\n<div><\/div>\n<\/div>\n<div><\/div>\n<\/div>\n<\/div>\n<\/div>\n<div><\/div>\n<div><\/div>\n\n\t\t<\/div>\n\t<\/div>\n<div class=\"vc_empty_space\"   style=\"height: 75px\"><span class=\"vc_empty_space_inner\"><\/span><\/div><h5 style=\"text-align: left\" class=\"vc_custom_heading vc_do_custom_heading\" >SERVICES AVAILABLE<\/h5>\n\t<div class=\"wpb_text_column wpb_content_element\" >\n\t\t<div class=\"wpb_wrapper\">\n\t\t\t<div class=\"\">\n<div class=\"\">\n<div class=\"\">\n<div class=\"\">\n<blockquote class=\"\">\n<div class=\"\">\n<div class=\"\">\n<div class=\"\">\n<div class=\"\">- free tasting of the range of products<\/div>\n<div class=\"\">&#8211; accueil de groupe sur r\u00e9servation jusqu\u2019\u00e0 35 personnes (pas de visite possible de la cave)<\/div>\n<div class=\"\">- private tasting (on reservation and subject to conditions)<\/div>\n<div class=\"\">\u2013 gourmet hampers and gift boxes prepared to suit your requirements.<\/div>\n<\/div>\n<div class=\"\"><\/div>\n<div class=\"\">For more information, please contact us on +33 (0)3 85 36 06 99<\/div>\n<\/div>\n<\/div>\n<\/blockquote>\n<\/div>\n<\/div>\n<\/div>\n<\/div>\n\n\t\t<\/div>\n\t<\/div>\n<div class=\"vc_empty_space\"   style=\"height: 18px\"><span class=\"vc_empty_space_inner\"><\/span><\/div><div class=\"vc_empty_space\"   style=\"height: 22px\"><span class=\"vc_empty_space_inner\"><\/span><\/div><div class=\"wpb_gmaps_widget wpb_content_element\"><div class=\"wpb_wrapper\"><div class=\"wpb_map_wraper\"><iframe loading=\"lazy\" src=\"https:\/\/www.google.com\/maps\/embed?pb=!1m18!1m12!1m3!1d2753.6120662370968!2d4.830759216327132!3d46.357243179121575!2m3!1f0!2f0!3f0!3m2!1i1024!2i768!4f13.1!3m3!1m2!1s0x47f36db7f0c2ec3d%3A0x1453c42b83a739fc!2sLe%20Chai%20de%20Sennec%C3%A9%20(Cave%20de%20Vir%C3%A9)!5e0!3m2!1sfr!2sfr!4v1606984336108!5m2!1sfr!2sfr\" width=\"600\" height=\"450\" frameborder=\"0\" style=\"border:0;\" allowfullscreen=\"\" aria-hidden=\"false\" tabindex=\"0\"><\/iframe><\/div><\/div><\/div><\/div><\/div><\/div><\/div><div class=\"vc_row wpb_row vc_row-fluid\"><div class=\"wpb_column vc_column_container vc_col-sm-12\"><div class=\"vc_column-inner\"><div class=\"wpb_wrapper\"><div class=\"vc_empty_space\"   style=\"height: 32px\"><span class=\"vc_empty_space_inner\"><\/span><\/div><\/div><\/div><\/div><\/div><div class=\"vc_row wpb_row vc_row-fluid\"><div class=\"wpb_column vc_column_container vc_col-sm-12\"><div class=\"vc_column-inner\"><div class=\"wpb_wrapper\"><div class=\"vc_empty_space\"   style=\"height: 32px\"><span class=\"vc_empty_space_inner\"><\/span><\/div><\/div><\/div><\/div><\/div>\n<\/div>"},"excerpt":{"rendered":"NOS CAVEAUX ET HORAIRESLa Maison V\u00e9rizet 2 place Andr\u00e9 Lagrange 71260 Vir\u00e9 T\u00e9l. 03 85 33 10 57 Nos horaires &gt; Horaires du 31 mars au 25 octobre 2026 : Du mardi au samedi de 9h \u00e0 12h30 et de 14h \u00e0 19h00 Les dimanches de 9h \u00e0 12h30 Ferm\u00e9 les lundis Services propos\u00e9s - [...]","protected":false},"author":1,"featured_media":0,"parent":0,"menu_order":0,"comment_status":"closed","ping_status":"closed","template":"","meta":{"footnotes":""},"class_list":["post-421","page","type-page","status-publish","hentry"],"yoast_head":"<!-- This site is optimized with the Yoast SEO plugin v25.3.1 - https:\/\/yoast.com\/wordpress\/plugins\/seo\/ -->\n<title>Nos caveaux et horaires - V\u00e9rizet<\/title>\n<meta name=\"robots\" content=\"index, follow, max-snippet:-1, max-image-preview:large, max-video-preview:-1\" \/>\n<link rel=\"canonical\" href=\"https:\/\/www.verizet.fr\/en\/caveaux\/\" \/>\n<meta property=\"og:locale\" content=\"en_GB\" \/>\n<meta property=\"og:type\" content=\"article\" \/>\n<meta property=\"og:title\" content=\"Nos caveaux et horaires - V\u00e9rizet\" \/>\n<meta property=\"og:url\" content=\"https:\/\/www.verizet.fr\/en\/caveaux\/\" \/>\n<meta property=\"og:site_name\" content=\"V\u00e9rizet\" \/>\n<meta property=\"article:modified_time\" content=\"2026-04-04T16:23:13+00:00\" \/>\n<meta name=\"twitter:card\" content=\"summary_large_image\" \/>\n<meta name=\"twitter:label1\" content=\"Estimated reading time\" \/>\n\t<meta name=\"twitter:data1\" content=\"2 minutes\" \/>\n<!-- \/ Yoast SEO plugin. -->","yoast_head_json":{"title":"Nos caveaux et horaires - V\u00e9rizet","robots":{"index":"index","follow":"follow","max-snippet":"max-snippet:-1","max-image-preview":"max-image-preview:large","max-video-preview":"max-video-preview:-1"},"canonical":"https:\/\/www.verizet.fr\/en\/caveaux\/","og_locale":"en_GB","og_type":"article","og_title":"Nos caveaux et horaires - V\u00e9rizet","og_url":"https:\/\/www.verizet.fr\/en\/caveaux\/","og_site_name":"V\u00e9rizet","article_modified_time":"2026-04-04T16:23:13+00:00","twitter_card":"summary_large_image","twitter_misc":{"Estimated reading time":"2 minutes"},"schema":{"@context":"https:\/\/schema.org","@graph":[{"@type":"WebPage","@id":"https:\/\/www.verizet.fr\/caveaux\/","url":"https:\/\/www.verizet.fr\/caveaux\/","name":"Nos caveaux et horaires - V\u00e9rizet","isPartOf":{"@id":"https:\/\/www.verizet.fr\/#website"},"datePublished":"2020-12-02T10:06:31+00:00","dateModified":"2026-04-04T16:23:13+00:00","breadcrumb":{"@id":"https:\/\/www.verizet.fr\/caveaux\/#breadcrumb"},"inLanguage":"en-GB","potentialAction":[{"@type":"ReadAction","target":["https:\/\/www.verizet.fr\/caveaux\/"]}]},{"@type":"BreadcrumbList","@id":"https:\/\/www.verizet.fr\/caveaux\/#breadcrumb","itemListElement":[{"@type":"ListItem","position":1,"name":"Accueil","item":"https:\/\/www.verizet.fr\/"},{"@type":"ListItem","position":2,"name":"Nos caveaux et horaires"}]},{"@type":"WebSite","@id":"https:\/\/www.verizet.fr\/#website","url":"https:\/\/www.verizet.fr\/","name":"V\u00e9rizet","description":"","publisher":{"@id":"https:\/\/www.verizet.fr\/#organization"},"inLanguage":"en-GB"},{"@type":"Organization","@id":"https:\/\/www.verizet.fr\/#organization","name":"V\u00e9rizet","url":"https:\/\/www.verizet.fr\/","logo":{"@type":"ImageObject","inLanguage":"en-GB","@id":"https:\/\/www.verizet.fr\/#\/schema\/logo\/image\/","url":"https:\/\/www.verizet.fr\/wp-content\/uploads\/2020\/06\/logo-verizet-horizon.png","contentUrl":"https:\/\/www.verizet.fr\/wp-content\/uploads\/2020\/06\/logo-verizet-horizon.png","width":400,"height":139,"caption":"V\u00e9rizet"},"image":{"@id":"https:\/\/www.verizet.fr\/#\/schema\/logo\/image\/"}}]}},"_links":{"self":[{"href":"https:\/\/www.verizet.fr\/en\/wp-json\/wp\/v2\/pages\/421","targetHints":{"allow":["GET"]}}],"collection":[{"href":"https:\/\/www.verizet.fr\/en\/wp-json\/wp\/v2\/pages"}],"about":[{"href":"https:\/\/www.verizet.fr\/en\/wp-json\/wp\/v2\/types\/page"}],"author":[{"embeddable":true,"href":"https:\/\/www.verizet.fr\/en\/wp-json\/wp\/v2\/users\/1"}],"replies":[{"embeddable":true,"href":"https:\/\/www.verizet.fr\/en\/wp-json\/wp\/v2\/comments?post=421"}],"version-history":[{"count":474,"href":"https:\/\/www.verizet.fr\/en\/wp-json\/wp\/v2\/pages\/421\/revisions"}],"predecessor-version":[{"id":1339,"href":"https:\/\/www.verizet.fr\/en\/wp-json\/wp\/v2\/pages\/421\/revisions\/1339"}],"wp:attachment":[{"href":"https:\/\/www.verizet.fr\/en\/wp-json\/wp\/v2\/media?parent=421"}],"curies":[{"name":"wp","href":"https:\/\/api.w.org\/{rel}","templated":true}]}}