{"id":45,"date":"2020-05-23T09:46:10","date_gmt":"2020-05-23T07:46:10","guid":{"rendered":"https:\/\/www.verizet.fr\/?page_id=45"},"modified":"2026-03-04T09:45:39","modified_gmt":"2026-03-04T08:45:39","slug":"histoire","status":"publish","type":"page","link":"https:\/\/www.verizet.fr\/en\/histoire\/","title":{"rendered":"History"},"content":{"rendered":"<div class=\"wpb-content-wrapper\"><div class=\"vc_row wpb_row vc_row-fluid\"><div class=\"wpb_column vc_column_container vc_col-sm-12\"><div class=\"vc_column-inner\"><div class=\"wpb_wrapper\"><div class=\"vc_empty_space\"   style=\"height: 50px\"><span class=\"vc_empty_space_inner\"><\/span><\/div><\/div><\/div><\/div><\/div><div class=\"vc_row wpb_row vc_row-fluid\"><div class=\"wpb_column vc_column_container vc_col-sm-12\"><div class=\"vc_column-inner\"><div class=\"wpb_wrapper\"><h1 style=\"text-align: center\" class=\"vc_custom_heading vc_do_custom_heading\" >OUR RICH HISTORY<\/h1><div class=\"vc_empty_space\"   style=\"height: 32px\"><span class=\"vc_empty_space_inner\"><\/span><\/div>\n\t<div class=\"wpb_text_column wpb_content_element\" >\n\t\t<div class=\"wpb_wrapper\">\n\t\t\t<h2>Depuis l\u2019Antiquit\u00e9, les villages de Vir\u00e9 et de Cless\u00e9 sont intimement li\u00e9s \u00e0 la culture de la vigne. D\u00e8s le VI\u1d49 si\u00e8cle, les diff\u00e9rents ordres monastiques favorisent son expansion et structurent durablement le paysage, la vie \u00e9conomique locale et le commerce. Au fil des si\u00e8cles, le vignoble s\u2019impose comme l\u2019\u00e2me de ces deux communes, fa\u00e7onnant leurs coteaux, motivant leurs savoir-faire et pr\u00e9cisant leur identit\u00e9. Les archives du XVII\u1d49 si\u00e8cle mentionnent d\u00e9j\u00e0 les vignes de Vir\u00e9 et de Cless\u00e9 dans le d\u00e9nombrement de la ch\u00e2tellenie de V\u00e9rizet, t\u00e9moignant de leur renomm\u00e9e ancienne. Cette histoire commune, forg\u00e9e par la continuit\u00e9 du travail des hommes et l\u2019identit\u00e9 forte mais partag\u00e9e des terroirs, trouve son aboutissement en 1998\u00a0 avec la reconnaissance officielle de l\u2019appellation Vir\u00e9-Cless\u00e9, consacrant ainsi des si\u00e8cles d\u2019engagement et de passion vigneronne.<\/h2>\n\n\t\t<\/div>\n\t<\/div>\n<div class=\"vc_empty_space\"   style=\"height: 32px\"><span class=\"vc_empty_space_inner\"><\/span><\/div><\/div><\/div><\/div><\/div><div class=\"vc_row wpb_row vc_row-fluid\"><div class=\"wpb_column vc_column_container vc_col-sm-4 vc_col-has-fill\"><div class=\"vc_column-inner vc_custom_1606902068979\"><div class=\"wpb_wrapper\">\n\t<div  class=\"wpb_single_image wpb_content_element vc_align_left wpb_content_element\">\n\t\t\n\t\t<figure class=\"wpb_wrapper vc_figure\">\n\t\t\t<div class=\"vc_single_image-wrapper   vc_box_border_grey\"><img loading=\"lazy\" decoding=\"async\" width=\"800\" height=\"519\" src=\"https:\/\/www.verizet.fr\/wp-content\/uploads\/2020\/12\/cave_coop_3.jpg\" class=\"vc_single_image-img attachment-full\" alt=\"\" title=\"cave_coop_3\" \/><\/div>\n\t\t<\/figure>\n\t<\/div>\n<\/div><\/div><\/div><div class=\"wpb_column vc_column_container vc_col-sm-4 vc_col-has-fill\"><div class=\"vc_column-inner vc_custom_1606902123287\"><div class=\"wpb_wrapper\">\n\t<div  class=\"wpb_single_image wpb_content_element vc_align_left wpb_content_element\">\n\t\t\n\t\t<figure class=\"wpb_wrapper vc_figure\">\n\t\t\t<div class=\"vc_single_image-wrapper   vc_box_border_grey\"><img loading=\"lazy\" decoding=\"async\" width=\"800\" height=\"519\" src=\"https:\/\/www.verizet.fr\/wp-content\/uploads\/2020\/12\/cave_coop_2.jpg\" class=\"vc_single_image-img attachment-full\" alt=\"\" title=\"cave_coop_2\" \/><\/div>\n\t\t<\/figure>\n\t<\/div>\n<\/div><\/div><\/div><div class=\"wpb_column vc_column_container vc_col-sm-4 vc_col-has-fill\"><div class=\"vc_column-inner vc_custom_1606902140153\"><div class=\"wpb_wrapper\">\n\t<div  class=\"wpb_single_image wpb_content_element vc_align_left wpb_content_element\">\n\t\t\n\t\t<figure class=\"wpb_wrapper vc_figure\">\n\t\t\t<div class=\"vc_single_image-wrapper   vc_box_border_grey\"><img loading=\"lazy\" decoding=\"async\" width=\"800\" height=\"518\" src=\"https:\/\/www.verizet.fr\/wp-content\/uploads\/2020\/12\/cave_coop_1.jpg\" class=\"vc_single_image-img attachment-full\" alt=\"\" title=\"cave_coop_1\" \/><\/div>\n\t\t<\/figure>\n\t<\/div>\n<\/div><\/div><\/div><\/div><div class=\"vc_row wpb_row vc_row-fluid\"><div class=\"wpb_column vc_column_container vc_col-sm-12\"><div class=\"vc_column-inner\"><div class=\"wpb_wrapper\"><div class=\"vc_empty_space\"   style=\"height: 32px\"><span class=\"vc_empty_space_inner\"><\/span><\/div><\/div><\/div><\/div><\/div><div class=\"vc_row wpb_row vc_row-fluid vc_row-o-equal-height vc_row-flex\"><div class=\"wpb_column vc_column_container vc_col-sm-6\"><div class=\"vc_column-inner\"><div class=\"wpb_wrapper\">\n\t<div class=\"wpb_text_column wpb_content_element\" >\n\t\t<div class=\"wpb_wrapper\">\n\t\t\t<h4 class=\"p1\">V\u00e9rizet: a renaissance<\/h4>\n<p class=\"p2\"><span class=\"s1\">V\u00e9rizet is the name of a village that no longer exists, as it is now part of Vir\u00e9. Vir\u00e9 and V\u00e9rizet merged in 1968 and the named geographical location of V\u00e9rizet was consigned to the past. And yet it lives on through our wines!<\/span><\/p>\n\n\t\t<\/div>\n\t<\/div>\n<\/div><\/div><\/div><div class=\"wpb_column vc_column_container vc_col-sm-6\"><div class=\"vc_column-inner\"><div class=\"wpb_wrapper\">\n\t<div class=\"wpb_text_column wpb_content_element\" >\n\t\t<div class=\"wpb_wrapper\">\n\t\t\t<h4 class=\"p1\">Vir\u00e9: a destiny in a name<\/h4>\n<p class=\"p2\"><span class=\"s1\">The Latin word viriaco, meaning \u201cvine cultivation\u201d, attests to the ancient roots of Vir\u00e9\u2019s wine-growing tradition. The cartularies of Saint-Vincent de M\u00e2con and Cluny record wine payments as early as the 7<sup>th<\/sup>century in Vir\u00e9 and Quintaine, \nindicating that wine has historically been the area\u2019s main crop. The village of\nVir\u00e9 belonged in turn to the bishop and to the chapter of\nM\u00e2con cathedral. In circa 1000, the vineyard extended\nfrom Morgon to Tournus, including Vir\u00e9, Uchizy\nand Plottes, among other villages. On 19 January 1616, Vir\u00e9 and its vineyards\nwere listed in the inventory of the Ch\u00e2tellenie de V\u00e9rizet.<\/span><\/p>\n\n\t\t<\/div>\n\t<\/div>\n<\/div><\/div><\/div><\/div><div class=\"vc_row wpb_row vc_row-fluid\"><div class=\"wpb_column vc_column_container vc_col-sm-12\"><div class=\"vc_column-inner\"><div class=\"wpb_wrapper\">\n\t<div  class=\"wpb_single_image wpb_content_element vc_align_left wpb_content_element\">\n\t\t\n\t\t<figure class=\"wpb_wrapper vc_figure\">\n\t\t\t<div class=\"vc_single_image-wrapper   vc_box_border_grey\"><img loading=\"lazy\" decoding=\"async\" width=\"1270\" height=\"780\" src=\"https:\/\/www.verizet.fr\/wp-content\/uploads\/2020\/05\/verizet-cooperative-copie.jpg\" class=\"vc_single_image-img attachment-full\" alt=\"\" title=\"verizet-cooperative copie\" \/><\/div>\n\t\t<\/figure>\n\t<\/div>\n<div class=\"vc_separator wpb_content_element vc_separator_align_center vc_sep_width_100 vc_sep_pos_align_center vc_separator_no_text vc_sep_color_grey wpb_content_element  wpb_content_element\" ><span class=\"vc_sep_holder vc_sep_holder_l\"><span class=\"vc_sep_line\"><\/span><\/span><span class=\"vc_sep_holder vc_sep_holder_r\"><span class=\"vc_sep_line\"><\/span><\/span>\n<\/div><h3 style=\"text-align: left\" class=\"vc_custom_heading vc_do_custom_heading\" >Our cellar will soon be 100 years old<\/h3><div class=\"vc_empty_space\"   style=\"height: 32px\"><span class=\"vc_empty_space_inner\"><\/span><\/div>\n\t<div class=\"wpb_text_column wpb_content_element\" >\n\t\t<div class=\"wpb_wrapper\">\n\t\t\t<h4 class=\"p3\">1928 \u2013 Beginnings<\/h4>\n<p class=\"p3\">The Cave Coop\u00e9rative de Vir\u00e9 was founded in 1928. \nVarious producers voluntarily joined forces with the aim of surviving the\nfinancial difficulties caused by the First World War and phylloxera.<br \/>\nThe Cave had always been renowned for the quality of its white wines and was also very much ahead of its time commercially.<br \/>\nFrom 1958 onwards, under the chairmanship of Ren\u00e9 Boudier, it began to\nmarket its wines in Paris where a cuv\u00e9e of Vir\u00e9 wine was inaugurated annually in Montmartre, which was twinned with Vir\u00e9.<br \/>\nThe first cellar to retail wine by the litre, it went on to pioneer the \nsale of the 75 cl bottle in 1970. The Cave entered the export market\nin 1972, going against the advice of the Burgundy wine trade, which subsequently boycotted its wines.<\/p>\n<h4 class=\"p3\">1995 \u2013 An alliance is formed<\/h4>\n<p class=\"p3\">The Cave de Sennec\u00e9-l\u00e8s-M\u00e2con strengthened and supported\nVir\u00e9\u2019s business, which had suffered from the urban development of the town of M\u00e2con and the surrounding area, losing land and estates.<br \/>\nA merger took place in 1995 between the two wine cellars, leading\nto the creation of the \u201cchai de Sennec\u00e9\u201d, a storehouse located in the centre of the village.<\/p>\n<h4 class=\"p3\">1998 &#8211; La naissance d\u2019une appellation<\/h4>\n<p>L\u2019appellation Vir\u00e9-Cless\u00e9 voit officiellement le jour par d\u00e9cret d\u2019application du 26 f\u00e9vrier 1999 et devient la 5\u1d49 appellation communale du M\u00e2connais. Elle incarne l\u2019aboutissement d\u2019un engagement collectif fort entre les vignerons de Vir\u00e9 et vignerons de Cless\u00e9, ainsi unis par la conviction de la singularit\u00e9 et de la qualit\u00e9 de leurs terroirs. Cette reconnaissance par l\u2019INAO marque une \u00e9tape d\u00e9cisive dans l\u2019histoire du vignoble\u00a0: L\u2019appellation r\u00e9gionale M\u00e2con-Vir\u00e9, cr\u00e9\u00e9e en 1936, \u00e9volue alors naturellement vers <em>l\u2019appellation village Vir\u00e9-Cless\u00e9<\/em>. Aujourd\u2019hui, la r\u00e9colte des raisins, la vinification et l\u2019\u00e9levage sont autoris\u00e9s et r\u00e9alis\u00e9s sur le territoire des seules communes de Cless\u00e9, Laiz\u00e9, Montbellet et Vir\u00e9 en Sa\u00f4ne-et-Loire, un vignoble qui s\u2019\u00e9tend sur 390 hectares.<\/p>\n<h4 class=\"p3\">2009 &#8211; Ouverture de la Maison\u2026 V\u00e9rizet<\/h4>\n<p class=\"p3\">In the late 2000s, the Cave de Vir\u00e9 began a new venture. It contributed to the renovation of the centre of the village of Vir\u00e9 by establishing a new tasting venue right by the production buildings. This signalled the genesis of the Cave de Vir\u00e9 as the brand it is today. The venue is dedicated to tasting and presenting our terroirs.<\/p>\n\n\t\t<\/div>\n\t<\/div>\n<\/div><\/div><\/div><\/div><div class=\"vc_row wpb_row vc_row-fluid\"><div class=\"wpb_column vc_column_container vc_col-sm-12\"><div class=\"vc_column-inner\"><div class=\"wpb_wrapper\"><div class=\"vc_empty_space\"   style=\"height: 32px\"><span class=\"vc_empty_space_inner\"><\/span><\/div><\/div><\/div><\/div><\/div><div class=\"vc_row wpb_row vc_row-fluid vc_row-o-equal-height vc_row-o-content-middle vc_row-flex\"><div class=\"wpb_column vc_column_container vc_col-sm-4\"><div class=\"vc_column-inner\"><div class=\"wpb_wrapper\">\n\t<div class=\"wpb_text_column wpb_content_element\" >\n\t\t<div class=\"wpb_wrapper\">\n\t\t\t<h3 class=\"p1\">V\u00e9rizet en quelques chiffres\u2026<\/h3>\n<p class=\"p3\">\u2022 Surface area of vines linked to the Cave:<br \/>\n250 hectares<br \/>\n\u2022 Wine producers: 110 cooperative members<br \/>\nincluding 30 winegrowers<br \/>\n\u2022 Average production: 15,000 hectolitres<br \/>\n\u2022 6 appellations<br \/>\n\u2022 18 employees<br \/>\n\u2022 1,500,000 bottles produced annually<\/p>\n\n\t\t<\/div>\n\t<\/div>\n<\/div><\/div><\/div><div class=\"white wpb_column vc_column_container vc_col-sm-4 vc_col-has-fill\"><div class=\"vc_column-inner vc_custom_1590226885654\"><div class=\"wpb_wrapper\">\n\t<div class=\"wpb_text_column wpb_content_element\" >\n\t\t<div class=\"wpb_wrapper\">\n\t\t\t<h3 class=\"p1\" style=\"text-align: center;\">APPELLATIONS<\/h3>\n<h5 class=\"p3\" style=\"text-align: center;\">AOP M\u00e2con<br \/>\nAOP M\u00e2con-Villages<br \/>\nAOP M\u00e2con P\u00e9ronne<br \/>\nAOP M\u00e2con Lugny<br \/>\nAOP Vir\u00e9-Cless\u00e9<br \/>\nAOP Cr\u00e9mant de Bourgogne<\/h5>\n\n\t\t<\/div>\n\t<\/div>\n<\/div><\/div><\/div><div class=\"wpb_column vc_column_container vc_col-sm-4\"><div class=\"vc_column-inner\"><div class=\"wpb_wrapper\"><div class=\"vc_empty_space\"   style=\"height: 32px\"><span class=\"vc_empty_space_inner\"><\/span><\/div>\n\t<div  class=\"wpb_single_image wpb_content_element vc_align_left wpb_content_element\">\n\t\t\n\t\t<figure class=\"wpb_wrapper vc_figure\">\n\t\t\t<div class=\"vc_single_image-wrapper   vc_box_border_grey\"><img loading=\"lazy\" decoding=\"async\" width=\"727\" height=\"555\" src=\"https:\/\/www.verizet.fr\/wp-content\/uploads\/2020\/05\/1er_bon_de_commande.png\" class=\"vc_single_image-img attachment-full\" alt=\"\" title=\"1er_bon_de_commande\" \/><\/div>\n\t\t<\/figure>\n\t<\/div>\n\n\t<div class=\"wpb_text_column wpb_content_element\" >\n\t\t<div class=\"wpb_wrapper\">\n\t\t\t<div class=\"page\" title=\"Page 5\">\n<div class=\"layoutArea\">\n<div class=\"column\">\n<p style=\"text-align: center;\"><em>The first purchase order,<br \/>\ndated 4 March 1928<\/em><\/p>\n<\/div>\n<\/div>\n<\/div>\n\n\t\t<\/div>\n\t<\/div>\n<\/div><\/div><\/div><\/div><div class=\"vc_row wpb_row vc_row-fluid\"><div class=\"wpb_column vc_column_container vc_col-sm-12\"><div class=\"vc_column-inner\"><div class=\"wpb_wrapper\"><div class=\"vc_empty_space\"   style=\"height: 32px\"><span class=\"vc_empty_space_inner\"><\/span><\/div><\/div><\/div><\/div><\/div>\n<\/div>"},"excerpt":{"rendered":"NOTRE HISTOIRE Depuis l\u2019Antiquit\u00e9, les villages de Vir\u00e9 et de Cless\u00e9 sont intimement li\u00e9s \u00e0 la culture de la vigne. D\u00e8s le VI\u1d49 si\u00e8cle, les diff\u00e9rents ordres monastiques favorisent son expansion et structurent durablement le paysage, la vie \u00e9conomique locale et le commerce. Au fil des si\u00e8cles, le vignoble s\u2019impose comme l\u2019\u00e2me de ces deux [...]","protected":false},"author":1,"featured_media":0,"parent":0,"menu_order":0,"comment_status":"closed","ping_status":"closed","template":"","meta":{"footnotes":""},"class_list":["post-45","page","type-page","status-publish","hentry"],"yoast_head":"<!-- This site is optimized with the Yoast SEO plugin v25.3.1 - https:\/\/yoast.com\/wordpress\/plugins\/seo\/ -->\n<title>Histoire - V\u00e9rizet<\/title>\n<meta name=\"robots\" content=\"index, follow, max-snippet:-1, max-image-preview:large, max-video-preview:-1\" \/>\n<link rel=\"canonical\" href=\"https:\/\/www.verizet.fr\/en\/histoire\/\" \/>\n<meta property=\"og:locale\" content=\"en_GB\" \/>\n<meta property=\"og:type\" content=\"article\" \/>\n<meta property=\"og:title\" content=\"Histoire - V\u00e9rizet\" \/>\n<meta property=\"og:url\" content=\"https:\/\/www.verizet.fr\/en\/histoire\/\" \/>\n<meta property=\"og:site_name\" content=\"V\u00e9rizet\" \/>\n<meta property=\"article:modified_time\" content=\"2026-03-04T08:45:39+00:00\" \/>\n<meta name=\"twitter:card\" content=\"summary_large_image\" \/>\n<meta name=\"twitter:label1\" content=\"Estimated reading time\" \/>\n\t<meta name=\"twitter:data1\" content=\"5 minutes\" \/>\n<!-- \/ Yoast SEO plugin. -->","yoast_head_json":{"title":"Histoire - V\u00e9rizet","robots":{"index":"index","follow":"follow","max-snippet":"max-snippet:-1","max-image-preview":"max-image-preview:large","max-video-preview":"max-video-preview:-1"},"canonical":"https:\/\/www.verizet.fr\/en\/histoire\/","og_locale":"en_GB","og_type":"article","og_title":"Histoire - V\u00e9rizet","og_url":"https:\/\/www.verizet.fr\/en\/histoire\/","og_site_name":"V\u00e9rizet","article_modified_time":"2026-03-04T08:45:39+00:00","twitter_card":"summary_large_image","twitter_misc":{"Estimated reading time":"5 minutes"},"schema":{"@context":"https:\/\/schema.org","@graph":[{"@type":"WebPage","@id":"https:\/\/www.verizet.fr\/histoire\/","url":"https:\/\/www.verizet.fr\/histoire\/","name":"Histoire - V\u00e9rizet","isPartOf":{"@id":"https:\/\/www.verizet.fr\/#website"},"datePublished":"2020-05-23T07:46:10+00:00","dateModified":"2026-03-04T08:45:39+00:00","breadcrumb":{"@id":"https:\/\/www.verizet.fr\/histoire\/#breadcrumb"},"inLanguage":"en-GB","potentialAction":[{"@type":"ReadAction","target":["https:\/\/www.verizet.fr\/histoire\/"]}]},{"@type":"BreadcrumbList","@id":"https:\/\/www.verizet.fr\/histoire\/#breadcrumb","itemListElement":[{"@type":"ListItem","position":1,"name":"Accueil","item":"https:\/\/www.verizet.fr\/"},{"@type":"ListItem","position":2,"name":"Histoire"}]},{"@type":"WebSite","@id":"https:\/\/www.verizet.fr\/#website","url":"https:\/\/www.verizet.fr\/","name":"V\u00e9rizet","description":"","publisher":{"@id":"https:\/\/www.verizet.fr\/#organization"},"inLanguage":"en-GB"},{"@type":"Organization","@id":"https:\/\/www.verizet.fr\/#organization","name":"V\u00e9rizet","url":"https:\/\/www.verizet.fr\/","logo":{"@type":"ImageObject","inLanguage":"en-GB","@id":"https:\/\/www.verizet.fr\/#\/schema\/logo\/image\/","url":"https:\/\/www.verizet.fr\/wp-content\/uploads\/2020\/06\/logo-verizet-horizon.png","contentUrl":"https:\/\/www.verizet.fr\/wp-content\/uploads\/2020\/06\/logo-verizet-horizon.png","width":400,"height":139,"caption":"V\u00e9rizet"},"image":{"@id":"https:\/\/www.verizet.fr\/#\/schema\/logo\/image\/"}}]}},"_links":{"self":[{"href":"https:\/\/www.verizet.fr\/en\/wp-json\/wp\/v2\/pages\/45","targetHints":{"allow":["GET"]}}],"collection":[{"href":"https:\/\/www.verizet.fr\/en\/wp-json\/wp\/v2\/pages"}],"about":[{"href":"https:\/\/www.verizet.fr\/en\/wp-json\/wp\/v2\/types\/page"}],"author":[{"embeddable":true,"href":"https:\/\/www.verizet.fr\/en\/wp-json\/wp\/v2\/users\/1"}],"replies":[{"embeddable":true,"href":"https:\/\/www.verizet.fr\/en\/wp-json\/wp\/v2\/comments?post=45"}],"version-history":[{"count":76,"href":"https:\/\/www.verizet.fr\/en\/wp-json\/wp\/v2\/pages\/45\/revisions"}],"predecessor-version":[{"id":1317,"href":"https:\/\/www.verizet.fr\/en\/wp-json\/wp\/v2\/pages\/45\/revisions\/1317"}],"wp:attachment":[{"href":"https:\/\/www.verizet.fr\/en\/wp-json\/wp\/v2\/media?parent=45"}],"curies":[{"name":"wp","href":"https:\/\/api.w.org\/{rel}","templated":true}]}}