{"id":47,"date":"2020-05-23T09:46:21","date_gmt":"2020-05-23T07:46:21","guid":{"rendered":"https:\/\/www.verizet.fr\/?page_id=47"},"modified":"2020-12-04T15:09:18","modified_gmt":"2020-12-04T14:09:18","slug":"geographie","status":"publish","type":"page","link":"https:\/\/www.verizet.fr\/en\/geographie\/","title":{"rendered":"Geography"},"content":{"rendered":"<div class=\"wpb-content-wrapper\"><div class=\"vc_row wpb_row vc_row-fluid\"><div class=\"wpb_column vc_column_container vc_col-sm-12\"><div class=\"vc_column-inner\"><div class=\"wpb_wrapper\"><div class=\"vc_empty_space\"   style=\"height: 50px\"><span class=\"vc_empty_space_inner\"><\/span><\/div><\/div><\/div><\/div><\/div><div class=\"vc_row wpb_row vc_row-fluid\"><div class=\"wpb_column vc_column_container vc_col-sm-12\"><div class=\"vc_column-inner\"><div class=\"wpb_wrapper\"><h1 style=\"text-align: center\" class=\"vc_custom_heading vc_do_custom_heading\" >BLESSED BY OUR GEOGRAPHY<\/h1><div class=\"vc_empty_space\"   style=\"height: 32px\"><span class=\"vc_empty_space_inner\"><\/span><\/div>\n\t<div class=\"wpb_text_column wpb_content_element\" >\n\t\t<div class=\"wpb_wrapper\">\n\t\t\t<h2 class=\"p1\">The Vir\u00e9-Cless\u00e9 appellation, situated between Tournus and M\u00e2con, is the most recent of the M\u00e2connais municipal appellations (1997). The wine is produced exclusively from the Chardonnay grape variety.\nThe vines grow mostly on hilly ground where the limestone soil with white stones, typical of the M\u00e2connais, is referred to as \u201ccray\u201d.<\/h2>\n<h2 class=\"p1\">Overlooking Vir\u00e9, the Belv\u00e9d\u00e8re road that takes you from the village to Burgy provides a stunning view across the vineyard and the Sa\u00f4ne valley to the Jura mountains, the Alps and Mont Blanc in the distance. La Bresse lies opposite. La Croix Sainte Barbe, Vir\u00e9\u2019s highest point (441 m), is located at the intersection of the municipalities of Vir\u00e9, Burgy and P\u00e9ronne.<\/h2>\n\n\t\t<\/div>\n\t<\/div>\n<div class=\"vc_empty_space\"   style=\"height: 32px\"><span class=\"vc_empty_space_inner\"><\/span><\/div><\/div><\/div><\/div><\/div><div data-vc-full-width=\"true\" data-vc-full-width-init=\"false\" class=\"vc_row wpb_row vc_row-fluid white vc_custom_1590232147238 vc_row-has-fill vc_row-o-equal-height vc_row-o-content-middle vc_row-flex\"><div class=\"wpb_column vc_column_container vc_col-sm-6\"><div class=\"vc_column-inner\"><div class=\"wpb_wrapper\">\n\t<div class=\"wpb_text_column wpb_content_element\" >\n\t\t<div class=\"wpb_wrapper\">\n\t\t\t<h3 class=\"p1\">Altitude<\/h3>\n<p class=\"p1\">Between 200 and 440 metres.<\/p>\n<h3 class=\"p1\">Climate<\/h3>\n<p class=\"p1\"><span class=\"s1\">Oceanic climate, tending towards southern. \nSummers are warm with lots of sunshine. Rainfall is spread evenly throughout the year. \nThe high ground of Charollais and the secondary mountain ranges of the M\u00e2connais to the west partially protect the geographical area from\nwet oceanic weather.<\/span><\/p>\n<h3 class=\"p1\">Geology<\/h3>\n<p class=\"p1\"><span class=\"s1\">The Vir\u00e9-Cless\u00e9 cru extends over two north-south oriented slopes, delimited by the Bourbonne and\nMouge valleys. They are composed of limestone and marl-limestone strata from the Oxfordian (Jurassic). Other areas at the foot of the slopes are made up of clay and \u201cchailles\u201d (sandstone); they have an easterly exposure and are well-drained. \u201cCray\u201d, a type of M\u00e2connais limestone\nsoil with white stones, is found here. It is absolutely perfect for growing Chardonnay grapes.<\/span><\/p>\n<p class=\"p1\"><span class=\"s1\">The vineyard lies on the east-facing slope of\none of the eastern-most secondary ranges of the M\u00e2connais mountains, looking out over the plain of the Sa\u00f4ne, towards La Bresse.<\/span><\/p>\n<h3 class=\"p1\">Soil types<\/h3>\n<p>The soils of these geological formations are clay-limestone, covered with limestone scree or silt on the sloping areas. Well-drained, they vary in depth and present unique characteristics depending on the exact locality. The various soil types and numerous, diverse exposures provide different wines from one terroir to the next, hence the concept of \u201cclimate\u201d, which distinguishes each wine.<\/p>\n<p class=\"p1\"><span class=\"s1\">\u00a0<\/span><\/p>\n\n\t\t<\/div>\n\t<\/div>\n<\/div><\/div><\/div><div class=\"wpb_column vc_column_container vc_col-sm-6\"><div class=\"vc_column-inner\"><div class=\"wpb_wrapper\">\n\t<div  class=\"wpb_single_image wpb_content_element vc_align_left wpb_content_element\">\n\t\t\n\t\t<figure class=\"wpb_wrapper vc_figure\">\n\t\t\t<div class=\"vc_single_image-wrapper   vc_box_border_grey\"><img loading=\"lazy\" decoding=\"async\" width=\"1433\" height=\"1442\" src=\"https:\/\/www.verizet.fr\/wp-content\/uploads\/2020\/12\/carte_verizet_en.png\" class=\"vc_single_image-img attachment-full\" alt=\"\" title=\"carte_verizet_fr\" \/><\/div>\n\t\t<\/figure>\n\t<\/div>\n<\/div><\/div><\/div><\/div><div class=\"vc_row-full-width vc_clearfix\"><\/div><div class=\"vc_row wpb_row vc_row-fluid\"><div class=\"wpb_column vc_column_container vc_col-sm-12\"><div class=\"vc_column-inner\"><div class=\"wpb_wrapper\"><div class=\"vc_empty_space\"   style=\"height: 32px\"><span class=\"vc_empty_space_inner\"><\/span><\/div><\/div><\/div><\/div><\/div><div data-vc-full-width=\"true\" data-vc-full-width-init=\"false\" data-vc-stretch-content=\"true\" class=\"vc_row wpb_row vc_row-fluid\"><div class=\"wpb_column vc_column_container vc_col-sm-4\"><div class=\"vc_column-inner\"><div class=\"wpb_wrapper\">\n\t<div  class=\"wpb_single_image wpb_content_element vc_align_left wpb_content_element  legende-image\">\n\t\t<h2 class=\"wpb_heading wpb_singleimage_heading\">Le Belv\u00e9d\u00e8re<\/h2>\n\t\t<figure class=\"wpb_wrapper vc_figure\">\n\t\t\t<div class=\"vc_single_image-wrapper   vc_box_border_grey\"><img loading=\"lazy\" decoding=\"async\" width=\"800\" height=\"533\" src=\"https:\/\/www.verizet.fr\/wp-content\/uploads\/2020\/05\/vigne_Belvedere_Aurelien_Ibanez-4.jpg\" class=\"vc_single_image-img attachment-full\" alt=\"\" title=\"Vigne Belv\u00e9d\u00e8re\" \/><\/div>\n\t\t<\/figure>\n\t<\/div>\n<\/div><\/div><\/div><div class=\"wpb_column vc_column_container vc_col-sm-4\"><div class=\"vc_column-inner\"><div class=\"wpb_wrapper\">\n\t<div  class=\"wpb_single_image wpb_content_element vc_align_left wpb_content_element  legende-image\">\n\t\t<h2 class=\"wpb_heading wpb_singleimage_heading\">La colline de Vir\u00e9<\/h2>\n\t\t<figure class=\"wpb_wrapper vc_figure\">\n\t\t\t<div class=\"vc_single_image-wrapper   vc_box_border_grey\"><img loading=\"lazy\" decoding=\"async\" width=\"800\" height=\"533\" src=\"https:\/\/www.verizet.fr\/wp-content\/uploads\/2020\/05\/0086_Village_Clesse_Drone_Aurelien_Ibanez_11102019_0217.jpg\" class=\"vc_single_image-img attachment-full\" alt=\"\" title=\"Village Cless\u00e9 Drone\" \/><\/div>\n\t\t<\/figure>\n\t<\/div>\n<\/div><\/div><\/div><div class=\"wpb_column vc_column_container vc_col-sm-4\"><div class=\"vc_column-inner\"><div class=\"wpb_wrapper\">\n\t<div  class=\"wpb_single_image wpb_content_element vc_align_left wpb_content_element  legende-image\">\n\t\t<h2 class=\"wpb_heading wpb_singleimage_heading\">L\u2019\u00e9glise de Quintaine<\/h2>\n\t\t<figure class=\"wpb_wrapper vc_figure\">\n\t\t\t<div class=\"vc_single_image-wrapper   vc_box_border_grey\"><img loading=\"lazy\" decoding=\"async\" width=\"800\" height=\"533\" src=\"https:\/\/www.verizet.fr\/wp-content\/uploads\/2020\/05\/0042_Quintaine_Aurelien_Ibanez_21092019_2176-HDR.jpg\" class=\"vc_single_image-img attachment-full\" alt=\"\" title=\"Quintaine\" \/><\/div>\n\t\t<\/figure>\n\t<\/div>\n<\/div><\/div><\/div><\/div><div class=\"vc_row-full-width vc_clearfix\"><\/div><div class=\"vc_row wpb_row vc_row-fluid\"><div class=\"wpb_column vc_column_container vc_col-sm-12\"><div class=\"vc_column-inner\"><div class=\"wpb_wrapper\">\n\t<div class=\"wpb_text_column wpb_content_element\" >\n\t\t<div class=\"wpb_wrapper\">\n\t\t\t<h3 class=\"p1\" style=\"text-align: center; font-size: 1.3em !important;\">The vineyard of Vir\u00e9-Cless\u00e9 straddles two parallel slopes, a main slope and a slight rise, running north to south, across the eastern side of one of the eastern-most secondary ranges of the M\u00e2connais mountains.<\/h3>\n\n\t\t<\/div>\n\t<\/div>\n<\/div><\/div><\/div><\/div><div class=\"vc_row wpb_row vc_row-fluid\"><div class=\"wpb_column vc_column_container vc_col-sm-12\"><div class=\"vc_column-inner\"><div class=\"wpb_wrapper\"><div class=\"vc_empty_space\"   style=\"height: 32px\"><span class=\"vc_empty_space_inner\"><\/span><\/div><\/div><\/div><\/div><\/div>\n<\/div>"},"excerpt":{"rendered":"NOTRE G\u00c9OGRAPHIE Notre appellation Vir\u00e9-Cless\u00e9, entre Tournus et M\u00e2con, est la derni\u00e8re n\u00e9e des appellations communales du M\u00e2connais (1997). Le vin est issu exclusivement du c\u00e9page chardonnay. Les vignes sont, pour la plupart, situ\u00e9es en coteau et l\u2019on trouve souvent un type de sol m\u00e2connais calcaire \u00e0 cailloux blancs d\u00e9nomm\u00e9 \u201ccray\u201d. Sur la colline de [...]","protected":false},"author":1,"featured_media":0,"parent":0,"menu_order":0,"comment_status":"closed","ping_status":"closed","template":"","meta":{"footnotes":""},"class_list":["post-47","page","type-page","status-publish","hentry"],"yoast_head":"<!-- This site is optimized with the Yoast SEO plugin v25.3.1 - https:\/\/yoast.com\/wordpress\/plugins\/seo\/ -->\n<title>G\u00e9ographie - V\u00e9rizet<\/title>\n<meta name=\"robots\" content=\"index, follow, max-snippet:-1, max-image-preview:large, max-video-preview:-1\" \/>\n<link rel=\"canonical\" href=\"https:\/\/www.verizet.fr\/en\/geographie\/\" \/>\n<meta property=\"og:locale\" content=\"en_GB\" \/>\n<meta property=\"og:type\" content=\"article\" \/>\n<meta property=\"og:title\" content=\"G\u00e9ographie - V\u00e9rizet\" \/>\n<meta property=\"og:url\" content=\"https:\/\/www.verizet.fr\/en\/geographie\/\" \/>\n<meta property=\"og:site_name\" content=\"V\u00e9rizet\" \/>\n<meta property=\"article:modified_time\" content=\"2020-12-04T14:09:18+00:00\" \/>\n<meta name=\"twitter:card\" content=\"summary_large_image\" \/>\n<meta name=\"twitter:label1\" content=\"Estimated reading time\" \/>\n\t<meta name=\"twitter:data1\" content=\"3 minutes\" \/>\n<!-- \/ Yoast SEO plugin. -->","yoast_head_json":{"title":"G\u00e9ographie - V\u00e9rizet","robots":{"index":"index","follow":"follow","max-snippet":"max-snippet:-1","max-image-preview":"max-image-preview:large","max-video-preview":"max-video-preview:-1"},"canonical":"https:\/\/www.verizet.fr\/en\/geographie\/","og_locale":"en_GB","og_type":"article","og_title":"G\u00e9ographie - V\u00e9rizet","og_url":"https:\/\/www.verizet.fr\/en\/geographie\/","og_site_name":"V\u00e9rizet","article_modified_time":"2020-12-04T14:09:18+00:00","twitter_card":"summary_large_image","twitter_misc":{"Estimated reading time":"3 minutes"},"schema":{"@context":"https:\/\/schema.org","@graph":[{"@type":"WebPage","@id":"https:\/\/www.verizet.fr\/geographie\/","url":"https:\/\/www.verizet.fr\/geographie\/","name":"G\u00e9ographie - V\u00e9rizet","isPartOf":{"@id":"https:\/\/www.verizet.fr\/#website"},"datePublished":"2020-05-23T07:46:21+00:00","dateModified":"2020-12-04T14:09:18+00:00","breadcrumb":{"@id":"https:\/\/www.verizet.fr\/geographie\/#breadcrumb"},"inLanguage":"en-GB","potentialAction":[{"@type":"ReadAction","target":["https:\/\/www.verizet.fr\/geographie\/"]}]},{"@type":"BreadcrumbList","@id":"https:\/\/www.verizet.fr\/geographie\/#breadcrumb","itemListElement":[{"@type":"ListItem","position":1,"name":"Accueil","item":"https:\/\/www.verizet.fr\/"},{"@type":"ListItem","position":2,"name":"G\u00e9ographie"}]},{"@type":"WebSite","@id":"https:\/\/www.verizet.fr\/#website","url":"https:\/\/www.verizet.fr\/","name":"V\u00e9rizet","description":"","publisher":{"@id":"https:\/\/www.verizet.fr\/#organization"},"inLanguage":"en-GB"},{"@type":"Organization","@id":"https:\/\/www.verizet.fr\/#organization","name":"V\u00e9rizet","url":"https:\/\/www.verizet.fr\/","logo":{"@type":"ImageObject","inLanguage":"en-GB","@id":"https:\/\/www.verizet.fr\/#\/schema\/logo\/image\/","url":"https:\/\/www.verizet.fr\/wp-content\/uploads\/2020\/06\/logo-verizet-horizon.png","contentUrl":"https:\/\/www.verizet.fr\/wp-content\/uploads\/2020\/06\/logo-verizet-horizon.png","width":400,"height":139,"caption":"V\u00e9rizet"},"image":{"@id":"https:\/\/www.verizet.fr\/#\/schema\/logo\/image\/"}}]}},"_links":{"self":[{"href":"https:\/\/www.verizet.fr\/en\/wp-json\/wp\/v2\/pages\/47","targetHints":{"allow":["GET"]}}],"collection":[{"href":"https:\/\/www.verizet.fr\/en\/wp-json\/wp\/v2\/pages"}],"about":[{"href":"https:\/\/www.verizet.fr\/en\/wp-json\/wp\/v2\/types\/page"}],"author":[{"embeddable":true,"href":"https:\/\/www.verizet.fr\/en\/wp-json\/wp\/v2\/users\/1"}],"replies":[{"embeddable":true,"href":"https:\/\/www.verizet.fr\/en\/wp-json\/wp\/v2\/comments?post=47"}],"version-history":[{"count":34,"href":"https:\/\/www.verizet.fr\/en\/wp-json\/wp\/v2\/pages\/47\/revisions"}],"predecessor-version":[{"id":467,"href":"https:\/\/www.verizet.fr\/en\/wp-json\/wp\/v2\/pages\/47\/revisions\/467"}],"wp:attachment":[{"href":"https:\/\/www.verizet.fr\/en\/wp-json\/wp\/v2\/media?parent=47"}],"curies":[{"name":"wp","href":"https:\/\/api.w.org\/{rel}","templated":true}]}}