{"id":49,"date":"2020-05-23T09:46:31","date_gmt":"2020-05-23T07:46:31","guid":{"rendered":"https:\/\/www.verizet.fr\/?page_id=49"},"modified":"2021-03-22T14:39:16","modified_gmt":"2021-03-22T13:39:16","slug":"vins-old","status":"publish","type":"page","link":"https:\/\/www.verizet.fr\/en\/vins-old\/","title":{"rendered":"Vins-old"},"content":{"rendered":"<div class=\"wpb-content-wrapper\"><div class=\"vc_row wpb_row vc_row-fluid\"><div class=\"wpb_column vc_column_container vc_col-sm-12\"><div class=\"vc_column-inner\"><div class=\"wpb_wrapper\"><div class=\"vc_empty_space\"   style=\"height: 50px\"><span class=\"vc_empty_space_inner\"><\/span><\/div><\/div><\/div><\/div><\/div><div class=\"vc_row wpb_row vc_row-fluid\"><div class=\"wpb_column vc_column_container vc_col-sm-12\"><div class=\"vc_column-inner\"><div class=\"wpb_wrapper\"><div class=\"vc_empty_space\"   style=\"height: 50px\"><span class=\"vc_empty_space_inner\"><\/span><\/div><\/div><\/div><\/div><\/div><div class=\"vc_row wpb_row vc_row-fluid\"><div class=\"wpb_column vc_column_container vc_col-sm-12\"><div class=\"vc_column-inner\"><div class=\"wpb_wrapper\"><h1 style=\"text-align: center\" class=\"vc_custom_heading vc_do_custom_heading\" >OUR DELIGHTFUL WINES<\/h1><\/div><\/div><\/div><\/div><div class=\"vc_row wpb_row vc_row-fluid\"><div class=\"wpb_column vc_column_container vc_col-sm-12\"><div class=\"vc_column-inner\"><div class=\"wpb_wrapper\"><div class=\"vc_empty_space\"   style=\"height: 50px\"><span class=\"vc_empty_space_inner\"><\/span><\/div><\/div><\/div><\/div><\/div><div class=\"vc_row wpb_row vc_row-fluid vc_row-o-equal-height vc_row-flex\"><div class=\"wpb_column vc_column_container vc_col-sm-4\"><div class=\"vc_column-inner\"><div class=\"wpb_wrapper\">\n\t<div  class=\"wpb_single_image wpb_content_element vc_align_center wpb_content_element\">\n\t\t\n\t\t<figure class=\"wpb_wrapper vc_figure\">\n\t\t\t<div class=\"vc_single_image-wrapper   vc_box_border_grey\"><img loading=\"lazy\" decoding=\"async\" width=\"81\" height=\"300\" src=\"https:\/\/www.verizet.fr\/wp-content\/uploads\/2020\/05\/simulation_macon-villages-81x300.png\" class=\"vc_single_image-img attachment-medium\" alt=\"\" title=\"simulation_macon-villages\" \/><\/div>\n\t\t<\/figure>\n\t<\/div>\n<div class=\"vc_separator wpb_content_element vc_separator_align_center vc_sep_width_100 vc_sep_dotted vc_sep_border_width_3 vc_sep_pos_align_center vc_separator_no_text vc_sep_color_grey wpb_content_element  wpb_content_element round-dot\" ><span class=\"vc_sep_holder vc_sep_holder_l\"><span class=\"vc_sep_line\"><\/span><\/span><span class=\"vc_sep_holder vc_sep_holder_r\"><span class=\"vc_sep_line\"><\/span><\/span>\n<\/div>\n\t<div class=\"wpb_text_column wpb_content_element\" >\n\t\t<div class=\"wpb_wrapper\">\n\t\t\t<p class=\"p1\" style=\"text-align: center;\"><a href=\"https:\/\/www.verizet.fr\/wp-content\/uploads\/2020\/12\/fiche_verizet_macon_peronne_EN.pdf\" target=\"_blank\" rel=\"noopener noreferrer\">M\u00e2con P\u00e9ronne<\/a><\/p>\n<p class=\"p1\" style=\"text-align: center;\">M\u00e2con Lugny<\/p>\n<p class=\"p1\" style=\"text-align: center;\"><a href=\"https:\/\/www.verizet.fr\/wp-content\/uploads\/2020\/12\/fiche_verizet_macon-villages_vv_EN.pdf\" target=\"_blank\" rel=\"noopener noreferrer\">M\u00e2con-Villages Vieilles Vignes<\/a><\/p>\n\n\t\t<\/div>\n\t<\/div>\n<\/div><\/div><\/div><div class=\"wpb_column vc_column_container vc_col-sm-4\"><div class=\"vc_column-inner\"><div class=\"wpb_wrapper\">\n\t<div  class=\"wpb_single_image wpb_content_element vc_align_center wpb_content_element\">\n\t\t\n\t\t<figure class=\"wpb_wrapper vc_figure\">\n\t\t\t<div class=\"vc_single_image-wrapper   vc_box_border_grey\"><img loading=\"lazy\" decoding=\"async\" width=\"81\" height=\"300\" src=\"https:\/\/www.verizet.fr\/wp-content\/uploads\/2020\/05\/simulation_vire-clesse_grande_reserve-81x300.png\" class=\"vc_single_image-img attachment-medium\" alt=\"\" title=\"simulation_vire-clesse_grande_reserve\" \/><\/div>\n\t\t<\/figure>\n\t<\/div>\n<div class=\"vc_separator wpb_content_element vc_separator_align_center vc_sep_width_100 vc_sep_dotted vc_sep_border_width_3 vc_sep_pos_align_center vc_separator_no_text vc_sep_color_grey wpb_content_element  wpb_content_element round-dot\" ><span class=\"vc_sep_holder vc_sep_holder_l\"><span class=\"vc_sep_line\"><\/span><\/span><span class=\"vc_sep_holder vc_sep_holder_r\"><span class=\"vc_sep_line\"><\/span><\/span>\n<\/div>\n\t<div class=\"wpb_text_column wpb_content_element\" >\n\t\t<div class=\"wpb_wrapper\">\n\t\t\t<p class=\"p1\" style=\"text-align: center;\"><a href=\"https:\/\/www.verizet.fr\/wp-content\/uploads\/2020\/12\/fiche_verizet_vire-clesse_EN.pdf\" target=\"_blank\" rel=\"noopener noreferrer\">Vir\u00e9-Cless\u00e9<\/a><\/p>\n<p class=\"p1\" style=\"text-align: center;\"><a href=\"https:\/\/www.verizet.fr\/wp-content\/uploads\/2020\/12\/fiche_verizet_vire-clesse_vv_EN.pdf\" target=\"_blank\" rel=\"noopener noreferrer\">Vir\u00e9-Cless\u00e9 Vieilles Vignes<\/a><\/p>\n<p class=\"p1\" style=\"text-align: center;\"><a href=\"https:\/\/www.verizet.fr\/wp-content\/uploads\/2021\/03\/fiche_verizet_vire-clesse_grande_reserve_EN.pdf\" target=\"_blank\" rel=\"noopener noreferrer\">Vir\u00e9-Cless\u00e9 Grande R\u00e9serve<\/a><\/p>\n\n\t\t<\/div>\n\t<\/div>\n<\/div><\/div><\/div><div class=\"wpb_column vc_column_container vc_col-sm-4\"><div class=\"vc_column-inner\"><div class=\"wpb_wrapper\">\n\t<div  class=\"wpb_single_image wpb_content_element vc_align_center wpb_content_element\">\n\t\t\n\t\t<figure class=\"wpb_wrapper vc_figure\">\n\t\t\t<div class=\"vc_single_image-wrapper   vc_box_border_grey\"><img loading=\"lazy\" decoding=\"async\" width=\"81\" height=\"300\" src=\"https:\/\/www.verizet.fr\/wp-content\/uploads\/2020\/05\/simulation_vire-clesse_quintaine-81x300.png\" class=\"vc_single_image-img attachment-medium\" alt=\"\" title=\"simulation_vire-clesse_quintaine\" \/><\/div>\n\t\t<\/figure>\n\t<\/div>\n<div class=\"vc_separator wpb_content_element vc_separator_align_center vc_sep_width_100 vc_sep_dotted vc_sep_border_width_3 vc_sep_pos_align_center vc_separator_no_text vc_sep_color_grey wpb_content_element  wpb_content_element round-dot\" ><span class=\"vc_sep_holder vc_sep_holder_l\"><span class=\"vc_sep_line\"><\/span><\/span><span class=\"vc_sep_holder vc_sep_holder_r\"><span class=\"vc_sep_line\"><\/span><\/span>\n<\/div>\n\t<div class=\"wpb_text_column wpb_content_element\" >\n\t\t<div class=\"wpb_wrapper\">\n\t\t\t<p class=\"p1\" style=\"text-align: center;\"><a href=\"https:\/\/www.verizet.fr\/wp-content\/uploads\/2021\/03\/fiche_verizet_vire-clesse_aux_donzarts_EN.pdf\" target=\"_blank\" rel=\"noopener noreferrer\">Vir\u00e9-Cless\u00e9 Aux Donzarts<\/a><\/p>\n<p class=\"p1\" style=\"text-align: center;\"><a href=\"https:\/\/www.verizet.fr\/wp-content\/uploads\/2020\/12\/fiche_verizet_vire-clesse_le_belvedere_EN.pdf\" target=\"_blank\" rel=\"noopener noreferrer\">Vir\u00e9-Cless\u00e9 Le Belv\u00e9d\u00e8re<\/a><\/p>\n<p class=\"p1\" style=\"text-align: center;\"><a href=\"https:\/\/www.verizet.fr\/wp-content\/uploads\/2020\/12\/fiche_verizet_vire-clesse_en_long_champ_EN.pdf\" target=\"_blank\" rel=\"noopener noreferrer\">Vir\u00e9-Cless\u00e9 En Long Champ<\/a><\/p>\n<p class=\"p1\" style=\"text-align: center;\"><a href=\"https:\/\/www.verizet.fr\/wp-content\/uploads\/2020\/12\/fiche_verizet_vire-clesse_quintaine_EN.pdf\" target=\"_blank\" rel=\"noopener noreferrer\">Vir\u00e9-Cless\u00e9 Quintaine<\/a><\/p>\n<p class=\"p1\" style=\"text-align: center;\"><a href=\"https:\/\/www.verizet.fr\/wp-content\/uploads\/2021\/03\/fiche_verizet_vire-clesse_l_epinet_EN.pdf\" target=\"_blank\" rel=\"noopener noreferrer\">Vir\u00e9-Cless\u00e9 L\u2019\u00c9pinet<\/a><\/p>\n\n\t\t<\/div>\n\t<\/div>\n<\/div><\/div><\/div><\/div><div class=\"vc_row wpb_row vc_row-fluid\"><div class=\"wpb_column vc_column_container vc_col-sm-12\"><div class=\"vc_column-inner\"><div class=\"wpb_wrapper\">\n\t<div class=\"wpb_text_column wpb_content_element\" >\n\t\t<div class=\"wpb_wrapper\">\n\t\t\t<div class=\"\" style=\"text-align: center;\">\n<div class=\"\">\n<div class=\"\"><i class=\"\">Click on the name of the wine to access the technical sheet<\/i><\/div>\n<\/div>\n<\/div>\n\n\t\t<\/div>\n\t<\/div>\n<\/div><\/div><\/div><\/div><div class=\"vc_row wpb_row vc_row-fluid\"><div class=\"wpb_column vc_column_container vc_col-sm-12\"><div class=\"vc_column-inner\"><div class=\"wpb_wrapper\"><div class=\"vc_empty_space\"   style=\"height: 50px\"><span class=\"vc_empty_space_inner\"><\/span><\/div><\/div><\/div><\/div><\/div><div class=\"vc_row wpb_row vc_row-fluid\"><div class=\"wpb_column vc_column_container vc_col-sm-3\"><div class=\"vc_column-inner\"><div class=\"wpb_wrapper\"><\/div><\/div><\/div><div class=\"wpb_column vc_column_container vc_col-sm-6\"><div class=\"vc_column-inner\"><div class=\"wpb_wrapper\">\n\t<div  class=\"wpb_single_image wpb_content_element vc_align_center wpb_content_element\">\n\t\t\n\t\t<figure class=\"wpb_wrapper vc_figure\">\n\t\t\t<div class=\"vc_single_image-wrapper   vc_box_border_grey\"><img loading=\"lazy\" decoding=\"async\" width=\"800\" height=\"450\" src=\"https:\/\/www.verizet.fr\/wp-content\/uploads\/2020\/12\/verizet_seigneur_de_l_aperitif.jpg\" class=\"vc_single_image-img attachment-full\" alt=\"\" title=\"verizet_seigneur_de_l_aperitif\" \/><\/div>\n\t\t<\/figure>\n\t<\/div>\n<\/div><\/div><\/div><div class=\"wpb_column vc_column_container vc_col-sm-3\"><div class=\"vc_column-inner\"><div class=\"wpb_wrapper\"><\/div><\/div><\/div><\/div><div class=\"vc_row wpb_row vc_row-fluid\"><div class=\"wpb_column vc_column_container vc_col-sm-12\"><div class=\"vc_column-inner\"><div class=\"wpb_wrapper\"><div class=\"vc_empty_space\"   style=\"height: 50px\"><span class=\"vc_empty_space_inner\"><\/span><\/div><\/div><\/div><\/div><\/div><div data-vc-full-width=\"true\" data-vc-full-width-init=\"false\" class=\"vc_row wpb_row vc_row-fluid vc_custom_1590413672388 vc_row-has-fill vc_row-o-equal-height vc_row-o-content-middle vc_row-flex\"><div class=\"wpb_column vc_column_container vc_col-sm-12\"><div class=\"vc_column-inner\"><div class=\"wpb_wrapper\">\n\t<div class=\"wpb_text_column wpb_content_element\" >\n\t\t<div class=\"wpb_wrapper\">\n\t\t\t<h1 class=\"p1\" style=\"text-align: center; font-size: 2.5rem;\">GIVE US A TASTE!<\/h1>\n\n\t\t<\/div>\n\t<\/div>\n\n\t<div class=\"wpb_text_column wpb_content_element\" >\n\t\t<div class=\"wpb_wrapper\">\n\t\t\t<h2 class=\"p1\">Breathing in the wonderful fragrance of a glass of Vir\u00e9-Cless\u00e9 will whisk you away to the unique world of Burgundy wines. You will encounter a white wine which charms you in an instant, yet reveals its complexity to those who wish to go further. Discover an aromatic compass of astonishing breadth!<\/h2>\n\n\t\t<\/div>\n\t<\/div>\n<div class=\"vc_row wpb_row vc_inner vc_row-fluid vc_row-o-equal-height vc_row-flex\"><div class=\"wpb_column vc_column_container vc_col-sm-4\"><div class=\"vc_column-inner\"><div class=\"wpb_wrapper\">\n\t<div class=\"wpb_text_column wpb_content_element\" >\n\t\t<div class=\"wpb_wrapper\">\n\t\t\t<h3 class=\"p1\" style=\"text-align: center;\">Appearance<\/h3>\n<p class=\"p3\">The glow of pale gold illuminates the colour of Vir\u00e9-Cless\u00e9. An ash gold that is neither white, \n nor yellow. Frequent glimmers of reflected green bring the wine to life.<\/p>\n\n\t\t<\/div>\n\t<\/div>\n<\/div><\/div><\/div><div class=\"wpb_column vc_column_container vc_col-sm-4\"><div class=\"vc_column-inner\"><div class=\"wpb_wrapper\">\n\t<div class=\"wpb_text_column wpb_content_element\" >\n\t\t<div class=\"wpb_wrapper\">\n\t\t\t<h3 class=\"p1\" style=\"text-align: center;\">Bouquet<\/h3>\n<p class=\"p3\"><span class=\"s2\">Aromas of hawthorn blossom and acacia, honeysuckle and broom are complemented by lemongrass, white peach and accents of mint. Verbena, fern and almond round off the olfactory range. There may also be hints of pine and quince jam.<\/span><\/p>\n\n\t\t<\/div>\n\t<\/div>\n<\/div><\/div><\/div><div class=\"wpb_column vc_column_container vc_col-sm-4\"><div class=\"vc_column-inner\"><div class=\"wpb_wrapper\">\n\t<div class=\"wpb_text_column wpb_content_element\" >\n\t\t<div class=\"wpb_wrapper\">\n\t\t\t<h3 class=\"p1\" style=\"text-align: center;\">Taste<\/h3>\n<p class=\"p3\">Lively and fresh, yet well-rounded and brimming with charm. Chardonnay finds its full expression here with particular success. The complexity of Vir\u00e9-Cless\u00e9 comes from the wonderful acidity of its mouthfeel, enhanced a certain sweetness lent by the richness of grapes harvested at maturity. This is Vir\u00e9-Cless\u00e9\u2019s strength: the winning blend of fruit and minerality.<\/p>\n\n\t\t<\/div>\n\t<\/div>\n<\/div><\/div><\/div><\/div><div class=\"vc_empty_space\"   style=\"height: 32px\"><span class=\"vc_empty_space_inner\"><\/span><\/div>\n\t<div class=\"wpb_text_column wpb_content_element\" >\n\t\t<div class=\"wpb_wrapper\">\n\t\t\t<h2 style=\"text-align: center;\"><span style=\"font-size: 2rem;\">Indulgent<\/span>, tender,<span style=\"font-size: 3rem;\"> rounded<\/span>, fresh, <span style=\"font-size: 1.5rem;\">full<\/span>, <span style=\"font-size: 4rem;\">mineral<\/span>, fruity, <span style=\"font-size: 1.3rem;\">pineapple<\/span>, <span style=\"font-size: 2.3rem;\">pear<\/span>,<br \/>\n<span style=\"font-size: 3rem;\">caramel<\/span>, <span style=\"font-size: 2.3rem;\">white flowers<\/span>, <span style=\"font-size: 1.2rem;\">lemongrass<\/span>,<br \/>\n<span style=\"font-size: 1.3rem;\"> mirabelle plum<\/span>, <span style=\"font-size: 2.3rem;\">peach<\/span>, <span style=\"font-size: 2.3rem;\">apricot<\/span>\u2026<\/h2>\n<p style=\"text-align: center;\">All this and more has been said about our wines!<\/p>\n\n\t\t<\/div>\n\t<\/div>\n<\/div><\/div><\/div><\/div><div class=\"vc_row-full-width vc_clearfix\"><\/div><div class=\"vc_row wpb_row vc_row-fluid vc_row-o-equal-height vc_row-flex\"><div class=\"wpb_column vc_column_container vc_col-sm-12\"><div class=\"vc_column-inner\"><div class=\"wpb_wrapper\"><div class=\"vc_empty_space\"   style=\"height: 32px\"><span class=\"vc_empty_space_inner\"><\/span><\/div>\n\t<div class=\"wpb_text_column wpb_content_element\" >\n\t\t<div class=\"wpb_wrapper\">\n\t\t\t<h1 class=\"p1\" style=\"text-align: center; font-size: 2.5rem;\">PAIRINGS<\/h1>\n\n\t\t<\/div>\n\t<\/div>\n\n\t<div class=\"wpb_text_column wpb_content_element\" >\n\t\t<div class=\"wpb_wrapper\">\n\t\t\t<p class=\"p3\">Many people regard Vir\u00e9-Cless\u00e9 as a superb aperitif wine; its charm and complexity on the palate are simply irresistible. It also makes an ideal accompaniment for tapas, Iberian ham, salmon, white meat, seafood, fish, frogs\u2019 legs, snails, andouillette sausage, Burgundy parsley ham terrine, curry, Bresse chicken in a cream sauce, goat\u2019s cheese, Burgundy \u00c9poisses cheese, fruit tart, etc. It marries well with spices. It rises to a challenge.<\/p>\n\n\t\t<\/div>\n\t<\/div>\n<div class=\"vc_empty_space\"   style=\"height: 32px\"><span class=\"vc_empty_space_inner\"><\/span><\/div><\/div><\/div><\/div><\/div><div class=\"vc_row wpb_row vc_row-fluid\"><div class=\"wpb_column vc_column_container vc_col-sm-4\"><div class=\"vc_column-inner\"><div class=\"wpb_wrapper\">\n\t<div  class=\"wpb_single_image wpb_content_element vc_align_left wpb_content_element\">\n\t\t\n\t\t<figure class=\"wpb_wrapper vc_figure\">\n\t\t\t<div class=\"vc_single_image-wrapper   vc_box_border_grey\"><img loading=\"lazy\" decoding=\"async\" width=\"600\" height=\"600\" src=\"https:\/\/www.verizet.fr\/wp-content\/uploads\/2021\/03\/recette-1.jpg\" class=\"vc_single_image-img attachment-full\" alt=\"\" title=\"recette-1\" \/><\/div>\n\t\t<\/figure>\n\t<\/div>\n<\/div><\/div><\/div><div class=\"wpb_column vc_column_container vc_col-sm-4\"><div class=\"vc_column-inner\"><div class=\"wpb_wrapper\">\n\t<div  class=\"wpb_single_image wpb_content_element vc_align_left wpb_content_element\">\n\t\t\n\t\t<figure class=\"wpb_wrapper vc_figure\">\n\t\t\t<div class=\"vc_single_image-wrapper   vc_box_border_grey\"><img loading=\"lazy\" decoding=\"async\" width=\"600\" height=\"600\" src=\"https:\/\/www.verizet.fr\/wp-content\/uploads\/2021\/03\/recette-3.jpg\" class=\"vc_single_image-img attachment-full\" alt=\"\" title=\"recette-3\" \/><\/div>\n\t\t<\/figure>\n\t<\/div>\n<\/div><\/div><\/div><div class=\"wpb_column vc_column_container vc_col-sm-4\"><div class=\"vc_column-inner\"><div class=\"wpb_wrapper\">\n\t<div  class=\"wpb_single_image wpb_content_element vc_align_left wpb_content_element\">\n\t\t\n\t\t<figure class=\"wpb_wrapper vc_figure\">\n\t\t\t<div class=\"vc_single_image-wrapper   vc_box_border_grey\"><img loading=\"lazy\" decoding=\"async\" width=\"600\" height=\"600\" src=\"https:\/\/www.verizet.fr\/wp-content\/uploads\/2021\/03\/recette-2.jpg\" class=\"vc_single_image-img attachment-full\" alt=\"\" title=\"recette-2\" \/><\/div>\n\t\t<\/figure>\n\t<\/div>\n<\/div><\/div><\/div><\/div><div class=\"vc_row wpb_row vc_row-fluid\"><div class=\"wpb_column vc_column_container vc_col-sm-12\"><div class=\"vc_column-inner\"><div class=\"wpb_wrapper\"><div class=\"vc_empty_space\"   style=\"height: 32px\"><span class=\"vc_empty_space_inner\"><\/span><\/div><\/div><\/div><\/div><\/div>\n<\/div>"},"excerpt":{"rendered":"NOS JOLIS VINS M\u00e2con P\u00e9ronne M\u00e2con Lugny M\u00e2con-Villages Vieilles Vignes Vir\u00e9-Cless\u00e9 Vir\u00e9-Cless\u00e9 Vieilles Vignes Vir\u00e9-Cless\u00e9 Grande R\u00e9serve Vir\u00e9-Cless\u00e9 Aux Donzarts Vir\u00e9-Cless\u00e9 Le Belv\u00e9d\u00e8re Vir\u00e9-Cless\u00e9 En Long Champ Vir\u00e9-Cless\u00e9 Quintaine Vir\u00e9-Cless\u00e9 L\u2019\u00c9pinet Cliquer sur le nom du vin pour acc\u00e9der \u00e0 la fiche technique GO\u00dbTEZ-NOUS\u2009! Mettre son nez dans un verre de Vir\u00e9-Cless\u00e9, c\u2019est p\u00e9n\u00e9trer dans [...]","protected":false},"author":1,"featured_media":0,"parent":0,"menu_order":0,"comment_status":"closed","ping_status":"closed","template":"","meta":{"footnotes":""},"class_list":["post-49","page","type-page","status-publish","hentry"],"yoast_head":"<!-- This site is optimized with the Yoast SEO plugin v25.3.1 - https:\/\/yoast.com\/wordpress\/plugins\/seo\/ -->\n<title>Vins-old - V\u00e9rizet<\/title>\n<meta name=\"robots\" content=\"index, follow, max-snippet:-1, max-image-preview:large, max-video-preview:-1\" \/>\n<link rel=\"canonical\" href=\"https:\/\/www.verizet.fr\/en\/vins-old\/\" \/>\n<meta property=\"og:locale\" content=\"en_GB\" \/>\n<meta property=\"og:type\" content=\"article\" \/>\n<meta property=\"og:title\" content=\"Vins-old - V\u00e9rizet\" \/>\n<meta property=\"og:url\" content=\"https:\/\/www.verizet.fr\/en\/vins-old\/\" \/>\n<meta property=\"og:site_name\" content=\"V\u00e9rizet\" \/>\n<meta property=\"article:modified_time\" content=\"2021-03-22T13:39:16+00:00\" \/>\n<meta name=\"twitter:card\" content=\"summary_large_image\" \/>\n<meta name=\"twitter:label1\" content=\"Estimated reading time\" \/>\n\t<meta name=\"twitter:data1\" content=\"4 minutes\" \/>\n<!-- \/ Yoast SEO plugin. -->","yoast_head_json":{"title":"Vins-old - V\u00e9rizet","robots":{"index":"index","follow":"follow","max-snippet":"max-snippet:-1","max-image-preview":"max-image-preview:large","max-video-preview":"max-video-preview:-1"},"canonical":"https:\/\/www.verizet.fr\/en\/vins-old\/","og_locale":"en_GB","og_type":"article","og_title":"Vins-old - V\u00e9rizet","og_url":"https:\/\/www.verizet.fr\/en\/vins-old\/","og_site_name":"V\u00e9rizet","article_modified_time":"2021-03-22T13:39:16+00:00","twitter_card":"summary_large_image","twitter_misc":{"Estimated reading time":"4 minutes"},"schema":{"@context":"https:\/\/schema.org","@graph":[{"@type":"WebPage","@id":"https:\/\/www.verizet.fr\/vins-old\/","url":"https:\/\/www.verizet.fr\/vins-old\/","name":"Vins-old - V\u00e9rizet","isPartOf":{"@id":"https:\/\/www.verizet.fr\/#website"},"datePublished":"2020-05-23T07:46:31+00:00","dateModified":"2021-03-22T13:39:16+00:00","breadcrumb":{"@id":"https:\/\/www.verizet.fr\/vins-old\/#breadcrumb"},"inLanguage":"en-GB","potentialAction":[{"@type":"ReadAction","target":["https:\/\/www.verizet.fr\/vins-old\/"]}]},{"@type":"BreadcrumbList","@id":"https:\/\/www.verizet.fr\/vins-old\/#breadcrumb","itemListElement":[{"@type":"ListItem","position":1,"name":"Accueil","item":"https:\/\/www.verizet.fr\/"},{"@type":"ListItem","position":2,"name":"Vins-old"}]},{"@type":"WebSite","@id":"https:\/\/www.verizet.fr\/#website","url":"https:\/\/www.verizet.fr\/","name":"V\u00e9rizet","description":"","publisher":{"@id":"https:\/\/www.verizet.fr\/#organization"},"inLanguage":"en-GB"},{"@type":"Organization","@id":"https:\/\/www.verizet.fr\/#organization","name":"V\u00e9rizet","url":"https:\/\/www.verizet.fr\/","logo":{"@type":"ImageObject","inLanguage":"en-GB","@id":"https:\/\/www.verizet.fr\/#\/schema\/logo\/image\/","url":"https:\/\/www.verizet.fr\/wp-content\/uploads\/2020\/06\/logo-verizet-horizon.png","contentUrl":"https:\/\/www.verizet.fr\/wp-content\/uploads\/2020\/06\/logo-verizet-horizon.png","width":400,"height":139,"caption":"V\u00e9rizet"},"image":{"@id":"https:\/\/www.verizet.fr\/#\/schema\/logo\/image\/"}}]}},"_links":{"self":[{"href":"https:\/\/www.verizet.fr\/en\/wp-json\/wp\/v2\/pages\/49","targetHints":{"allow":["GET"]}}],"collection":[{"href":"https:\/\/www.verizet.fr\/en\/wp-json\/wp\/v2\/pages"}],"about":[{"href":"https:\/\/www.verizet.fr\/en\/wp-json\/wp\/v2\/types\/page"}],"author":[{"embeddable":true,"href":"https:\/\/www.verizet.fr\/en\/wp-json\/wp\/v2\/users\/1"}],"replies":[{"embeddable":true,"href":"https:\/\/www.verizet.fr\/en\/wp-json\/wp\/v2\/comments?post=49"}],"version-history":[{"count":65,"href":"https:\/\/www.verizet.fr\/en\/wp-json\/wp\/v2\/pages\/49\/revisions"}],"predecessor-version":[{"id":565,"href":"https:\/\/www.verizet.fr\/en\/wp-json\/wp\/v2\/pages\/49\/revisions\/565"}],"wp:attachment":[{"href":"https:\/\/www.verizet.fr\/en\/wp-json\/wp\/v2\/media?parent=49"}],"curies":[{"name":"wp","href":"https:\/\/api.w.org\/{rel}","templated":true}]}}