{"id":568,"date":"2021-03-22T14:40:32","date_gmt":"2021-03-22T13:40:32","guid":{"rendered":"https:\/\/www.verizet.fr\/?page_id=568"},"modified":"2021-03-22T14:52:25","modified_gmt":"2021-03-22T13:52:25","slug":"actualites","status":"publish","type":"page","link":"https:\/\/www.verizet.fr\/en\/actualites\/","title":{"rendered":"Actualit\u00e9s"},"content":{"rendered":"<div class=\"wpb-content-wrapper\"><div class=\"vc_row wpb_row vc_row-fluid\"><div class=\"wpb_column vc_column_container vc_col-sm-12\"><div class=\"vc_column-inner\"><div class=\"wpb_wrapper\"><div class=\"vc_empty_space\"   style=\"height: 50px\"><span class=\"vc_empty_space_inner\"><\/span><\/div><h1 style=\"text-align: center\" class=\"vc_custom_heading vc_do_custom_heading\" >ACTUALIT\u00c9S<\/h1><div class=\"vc_empty_space\"   style=\"height: 32px\"><span class=\"vc_empty_space_inner\"><\/span><\/div>\n<div class=\"vc_grid-container-wrapper vc_clearfix vc_grid-animation-fadeIn\">\n\t<div class=\"vc_grid-container vc_clearfix wpb_content_element vc_basic_grid\" data-initial-loading-animation=\"fadeIn\" data-vc-grid-settings=\"{&quot;page_id&quot;:568,&quot;style&quot;:&quot;all&quot;,&quot;action&quot;:&quot;vc_get_vc_grid_data&quot;,&quot;shortcode_id&quot;:&quot;1616421138319-7618be9e96c12264f9edb1336a070648-5&quot;,&quot;tag&quot;:&quot;vc_basic_grid&quot;}\" data-vc-request=\"https:\/\/www.verizet.fr\/wp-admin\/admin-ajax.php\" data-vc-post-id=\"568\" data-vc-public-nonce=\"59d96c032b\">\n\t\t<div class=\"vc_grid vc_row vc_grid-gutter-30px vc_pageable-wrapper vc_hook_hover\" data-vc-pageable-content=\"true\"><div class=\"vc_pageable-slide-wrapper vc_clearfix\" data-vc-grid-content=\"true\"><div class=\"vc_grid-item vc_clearfix vc_col-sm-4 vc_grid-item-zone-c-bottom\"><div class=\"vc_grid-item-mini vc_clearfix\"><div class=\"vc_gitem-animated-block\" ><\/div><div class=\"vc_gitem-zone vc_gitem-zone-c\"><div class=\"vc_gitem-zone-mini\"><div class=\"vc_gitem_row vc_row vc_gitem-row-position-top\"><div class=\"vc_col-sm-12 vc_gitem-col vc_gitem-col-align-\"><div class=\"vc_custom_heading vc_gitem-post-data vc_gitem-post-data-source-post_date\" ><div style=\"color: #aaaaaa;text-align: left\" >27 December 2022<\/div><\/div>\n\t<div class=\"wpb_single_image wpb_content_element vc_align_center\">\n\t\t<figure class=\"wpb_wrapper vc_figure\">\n\t\t\t<div class=\"vc_single_image-wrapper   vc_box_border_grey\"><img loading=\"lazy\" decoding=\"async\" width=\"1000\" height=\"500\" src=\"https:\/\/www.verizet.fr\/wp-content\/uploads\/2022\/12\/les-sommeliers-de-bourgogne-a-la-cave-de-vire-photo-laurent-bollet-1669072641.jpg\" class=\"vc_single_image-img attachment-full\" alt=\"\" title=\"les-sommeliers-de-bourgogne-a-la-cave-de-vire-photo-laurent-bollet-1669072641\" \/><\/div>\n\t\t<\/figure>\n\t<\/div>\n<div class=\"vc_custom_heading vc_gitem-post-data vc_gitem-post-data-source-post_title\" ><h2 style=\"color: #0a0a0a;text-align: left\" >Les sommeliers de Bourgogne en d\u00e9gustation \u00e0 la cave de Vir\u00e9<\/h2><\/div><div class=\"vc_custom_heading vc_gitem-post-data vc_gitem-post-data-source-post_excerpt\" ><div style=\"text-align: left\" ><p>Chaque mois, l&rsquo;association des sommeliers de Bourgogne (ASB) se d\u00e9place un lundi dans des caves et domaines \u00e0 la d\u00e9couverte ou red\u00e9couverte des vins de Bourgogne.<\/p>\n<\/div><\/div><style>.vc_btn3-style-gradient-custom.vc_btn-gradient-btn-69e361a39a67f:hover{color: #ffffff;background-color: #587d25;border: none;background-position: 100% 0;}<\/style><style>.vc_btn3-style-gradient-custom.vc_btn-gradient-btn-69e361a39a67f{color: #ffffff;border: none;background-color: #587d25;background-image: -webkit-linear-gradient(left, #587d25 0%, #587d25 50%,#587d25 100%);background-image: linear-gradient(to right, #587d25 0%, #587d25 50%,#587d25 100%);-webkit-transition: all .2s ease-in-out;transition: all .2s ease-in-out;background-size: 200% 100%;}<\/style><div class=\"vc_btn3-container vc_btn3-inline\"><a data-vc-gradient-1=\"#587d25\" data-vc-gradient-2=\"#587d25\" class=\"vc_general vc_btn3 vc_btn3-size-xs vc_btn3-shape-square vc_btn3-style-gradient-custom vc_btn3-icon-left vc_btn-gradient-btn-69e361a39a67f\" a href=\"https:\/\/www.verizet.fr\/en\/les-sommeliers-de-bourgogne-en-degustation-a-la-cave-de-vire\/\" title=\"Lire la suite\"><i class=\"vc_btn3-icon fas fa-chevron-right\"><\/i> Lire la suite<\/a><\/div><\/div><\/div><\/div><\/div><\/div><div class=\"vc_clearfix\"><\/div><\/div><div class=\"vc_grid-item vc_clearfix vc_col-sm-4 vc_grid-item-zone-c-bottom\"><div class=\"vc_grid-item-mini vc_clearfix\"><div class=\"vc_gitem-animated-block\" ><\/div><div class=\"vc_gitem-zone vc_gitem-zone-c\"><div class=\"vc_gitem-zone-mini\"><div class=\"vc_gitem_row vc_row vc_gitem-row-position-top\"><div class=\"vc_col-sm-12 vc_gitem-col vc_gitem-col-align-\"><div class=\"vc_custom_heading vc_gitem-post-data vc_gitem-post-data-source-post_date\" ><div style=\"color: #aaaaaa;text-align: left\" >5 October 2021<\/div><\/div>\n\t<div class=\"wpb_single_image wpb_content_element vc_align_center\">\n\t\t<figure class=\"wpb_wrapper vc_figure\">\n\t\t\t<div class=\"vc_single_image-wrapper   vc_box_border_grey\"><img loading=\"lazy\" decoding=\"async\" width=\"1000\" height=\"500\" src=\"https:\/\/www.verizet.fr\/wp-content\/uploads\/2021\/10\/title-1633274687.jpg\" class=\"vc_single_image-img attachment-full\" alt=\"\" title=\"title-1633274687\" \/><\/div>\n\t\t<\/figure>\n\t<\/div>\n<div class=\"vc_custom_heading vc_gitem-post-data vc_gitem-post-data-source-post_title\" ><h2 style=\"color: #0a0a0a;text-align: left\" >Les vendanges termin\u00e9es, le mo\u00fbt est dans les cuves<\/h2><\/div><div class=\"vc_custom_heading vc_gitem-post-data vc_gitem-post-data-source-post_excerpt\" ><div style=\"text-align: left\" ><p>Les producteurs de la cave coop\u00e9rative de Vir\u00e9 ont fini leur vendange.<\/p>\n<\/div><\/div><style>.vc_btn3-style-gradient-custom.vc_btn-gradient-btn-69e361a39acd8:hover{color: #ffffff;background-color: #587d25;border: none;background-position: 100% 0;}<\/style><style>.vc_btn3-style-gradient-custom.vc_btn-gradient-btn-69e361a39acd8{color: #ffffff;border: none;background-color: #587d25;background-image: -webkit-linear-gradient(left, #587d25 0%, #587d25 50%,#587d25 100%);background-image: linear-gradient(to right, #587d25 0%, #587d25 50%,#587d25 100%);-webkit-transition: all .2s ease-in-out;transition: all .2s ease-in-out;background-size: 200% 100%;}<\/style><div class=\"vc_btn3-container vc_btn3-inline\"><a data-vc-gradient-1=\"#587d25\" data-vc-gradient-2=\"#587d25\" class=\"vc_general vc_btn3 vc_btn3-size-xs vc_btn3-shape-square vc_btn3-style-gradient-custom vc_btn3-icon-left vc_btn-gradient-btn-69e361a39acd8\" a href=\"https:\/\/www.verizet.fr\/en\/les-vendanges-terminees-le-mout-est-dans-les-cuves\/\" title=\"Lire la suite\"><i class=\"vc_btn3-icon fas fa-chevron-right\"><\/i> Lire la suite<\/a><\/div><\/div><\/div><\/div><\/div><\/div><div class=\"vc_clearfix\"><\/div><\/div><div class=\"vc_grid-item vc_clearfix vc_col-sm-4 vc_grid-item-zone-c-bottom\"><div class=\"vc_grid-item-mini vc_clearfix\"><div class=\"vc_gitem-animated-block\" ><\/div><div class=\"vc_gitem-zone vc_gitem-zone-c\"><div class=\"vc_gitem-zone-mini\"><div class=\"vc_gitem_row vc_row vc_gitem-row-position-top\"><div class=\"vc_col-sm-12 vc_gitem-col vc_gitem-col-align-\"><div class=\"vc_custom_heading vc_gitem-post-data vc_gitem-post-data-source-post_date\" ><div style=\"color: #aaaaaa;text-align: left\" >12 September 2021<\/div><\/div>\n\t<div class=\"wpb_single_image wpb_content_element vc_align_center\">\n\t\t<figure class=\"wpb_wrapper vc_figure\">\n\t\t\t<div class=\"vc_single_image-wrapper   vc_box_border_grey\"><img loading=\"lazy\" decoding=\"async\" width=\"1000\" height=\"500\" src=\"https:\/\/www.verizet.fr\/wp-content\/uploads\/2021\/09\/title-1631270853.jpg\" class=\"vc_single_image-img attachment-full\" alt=\"\" title=\"title-1631270853\" \/><\/div>\n\t\t<\/figure>\n\t<\/div>\n<div class=\"vc_custom_heading vc_gitem-post-data vc_gitem-post-data-source-post_title\" ><h2 style=\"color: #0a0a0a;text-align: left\" >Un maigre rendement pour les cr\u00e9mants<\/h2><\/div><div class=\"vc_custom_heading vc_gitem-post-data vc_gitem-post-data-source-post_excerpt\" ><div style=\"text-align: left\" ><p>Apr\u00e8s la r\u00e9colte des rouges, vendang\u00e9s le mardi 7 septembre dernier<\/p>\n<\/div><\/div><style>.vc_btn3-style-gradient-custom.vc_btn-gradient-btn-69e361a39b1e5:hover{color: #ffffff;background-color: #587d25;border: none;background-position: 100% 0;}<\/style><style>.vc_btn3-style-gradient-custom.vc_btn-gradient-btn-69e361a39b1e5{color: #ffffff;border: none;background-color: #587d25;background-image: -webkit-linear-gradient(left, #587d25 0%, #587d25 50%,#587d25 100%);background-image: linear-gradient(to right, #587d25 0%, #587d25 50%,#587d25 100%);-webkit-transition: all .2s ease-in-out;transition: all .2s ease-in-out;background-size: 200% 100%;}<\/style><div class=\"vc_btn3-container vc_btn3-inline\"><a data-vc-gradient-1=\"#587d25\" data-vc-gradient-2=\"#587d25\" class=\"vc_general vc_btn3 vc_btn3-size-xs vc_btn3-shape-square vc_btn3-style-gradient-custom vc_btn3-icon-left vc_btn-gradient-btn-69e361a39b1e5\" a href=\"https:\/\/www.verizet.fr\/en\/un-maigre-rendement-pour-les-cremants\/\" title=\"Lire la suite\"><i class=\"vc_btn3-icon fas fa-chevron-right\"><\/i> Lire la suite<\/a><\/div><\/div><\/div><\/div><\/div><\/div><div class=\"vc_clearfix\"><\/div><\/div><div class=\"vc_grid-item vc_clearfix vc_col-sm-4 vc_grid-item-zone-c-bottom\"><div class=\"vc_grid-item-mini vc_clearfix\"><div class=\"vc_gitem-animated-block\" ><\/div><div class=\"vc_gitem-zone vc_gitem-zone-c\"><div class=\"vc_gitem-zone-mini\"><div class=\"vc_gitem_row vc_row vc_gitem-row-position-top\"><div class=\"vc_col-sm-12 vc_gitem-col vc_gitem-col-align-\"><div class=\"vc_custom_heading vc_gitem-post-data vc_gitem-post-data-source-post_date\" ><div style=\"color: #aaaaaa;text-align: left\" >4 June 2021<\/div><\/div>\n\t<div class=\"wpb_single_image wpb_content_element vc_align_center\">\n\t\t<figure class=\"wpb_wrapper vc_figure\">\n\t\t\t<div class=\"vc_single_image-wrapper   vc_box_border_grey\"><img loading=\"lazy\" decoding=\"async\" width=\"800\" height=\"800\" src=\"https:\/\/www.verizet.fr\/wp-content\/uploads\/2021\/06\/affiche-rencontre-web-VZT.jpg\" class=\"vc_single_image-img attachment-full\" alt=\"\" title=\"affiche-rencontre-web-VZT\" \/><\/div>\n\t\t<\/figure>\n\t<\/div>\n<div class=\"vc_custom_heading vc_gitem-post-data vc_gitem-post-data-source-post_title\" ><h2 style=\"color: #0a0a0a;text-align: left\" >A la rencontre de nos viticulteurs<\/h2><\/div><div class=\"vc_custom_heading vc_gitem-post-data vc_gitem-post-data-source-post_excerpt\" ><div style=\"text-align: left\" ><p>Venez rencontrer nos viticulteurs et d\u00e9couvrir leur m\u00e9tier Infos et r\u00e9servation\u00a0<\/p>\n<\/div><\/div><style>.vc_btn3-style-gradient-custom.vc_btn-gradient-btn-69e361a39b705:hover{color: #ffffff;background-color: #587d25;border: none;background-position: 100% 0;}<\/style><style>.vc_btn3-style-gradient-custom.vc_btn-gradient-btn-69e361a39b705{color: #ffffff;border: none;background-color: #587d25;background-image: -webkit-linear-gradient(left, #587d25 0%, #587d25 50%,#587d25 100%);background-image: linear-gradient(to right, #587d25 0%, #587d25 50%,#587d25 100%);-webkit-transition: all .2s ease-in-out;transition: all .2s ease-in-out;background-size: 200% 100%;}<\/style><div class=\"vc_btn3-container vc_btn3-inline\"><a data-vc-gradient-1=\"#587d25\" data-vc-gradient-2=\"#587d25\" class=\"vc_general vc_btn3 vc_btn3-size-xs vc_btn3-shape-square vc_btn3-style-gradient-custom vc_btn3-icon-left vc_btn-gradient-btn-69e361a39b705\" a href=\"https:\/\/www.verizet.fr\/en\/a-la-rencontre-de-nos-viticulteurs\/\" title=\"Lire la suite\"><i class=\"vc_btn3-icon fas fa-chevron-right\"><\/i> Lire la suite<\/a><\/div><\/div><\/div><\/div><\/div><\/div><div class=\"vc_clearfix\"><\/div><\/div><div class=\"vc_grid-item vc_clearfix vc_col-sm-4 vc_grid-item-zone-c-bottom\"><div class=\"vc_grid-item-mini vc_clearfix\"><div class=\"vc_gitem-animated-block\" ><\/div><div class=\"vc_gitem-zone vc_gitem-zone-c\"><div class=\"vc_gitem-zone-mini\"><div class=\"vc_gitem_row vc_row vc_gitem-row-position-top\"><div class=\"vc_col-sm-12 vc_gitem-col vc_gitem-col-align-\"><div class=\"vc_custom_heading vc_gitem-post-data vc_gitem-post-data-source-post_date\" ><div style=\"color: #aaaaaa;text-align: left\" >4 June 2021<\/div><\/div>\n\t<div class=\"wpb_single_image wpb_content_element vc_align_center\">\n\t\t<figure class=\"wpb_wrapper vc_figure\">\n\t\t\t<div class=\"vc_single_image-wrapper   vc_box_border_grey\"><img loading=\"lazy\" decoding=\"async\" width=\"800\" height=\"600\" src=\"https:\/\/www.verizet.fr\/wp-content\/uploads\/2021\/06\/lugny-800x600-1.jpg\" class=\"vc_single_image-img attachment-full\" alt=\"\" title=\"lugny-800x600\" \/><\/div>\n\t\t<\/figure>\n\t<\/div>\n<div class=\"vc_custom_heading vc_gitem-post-data vc_gitem-post-data-source-post_title\" ><h2 style=\"color: #0a0a0a;text-align: left\" >Nouveaut\u00e9: M\u00e2con Lugny 2020<\/h2><\/div><div class=\"vc_custom_heading vc_gitem-post-data vc_gitem-post-data-source-post_excerpt\" ><div style=\"text-align: left\" ><p>Venez d\u00e9couvrir notre nouvelle cuv\u00e9e M\u00e2con Lugny 2020. Sa robe jaune aux reflets or, limpide, son nez fin et d\u00e9licat, sa bouche ample, expressive sur des notes d\u2019agrumes (pamplemousse, citron jaune) vous raviront.<\/p>\n<\/div><\/div><style>.vc_btn3-style-gradient-custom.vc_btn-gradient-btn-69e361a39bce5:hover{color: #ffffff;background-color: #587d25;border: none;background-position: 100% 0;}<\/style><style>.vc_btn3-style-gradient-custom.vc_btn-gradient-btn-69e361a39bce5{color: #ffffff;border: none;background-color: #587d25;background-image: -webkit-linear-gradient(left, #587d25 0%, #587d25 50%,#587d25 100%);background-image: linear-gradient(to right, #587d25 0%, #587d25 50%,#587d25 100%);-webkit-transition: all .2s ease-in-out;transition: all .2s ease-in-out;background-size: 200% 100%;}<\/style><div class=\"vc_btn3-container vc_btn3-inline\"><a data-vc-gradient-1=\"#587d25\" data-vc-gradient-2=\"#587d25\" class=\"vc_general vc_btn3 vc_btn3-size-xs vc_btn3-shape-square vc_btn3-style-gradient-custom vc_btn3-icon-left vc_btn-gradient-btn-69e361a39bce5\" a href=\"https:\/\/www.verizet.fr\/en\/nouveaute-macon-lugny-2020\/\" title=\"Lire la suite\"><i class=\"vc_btn3-icon fas fa-chevron-right\"><\/i> Lire la suite<\/a><\/div><\/div><\/div><\/div><\/div><\/div><div class=\"vc_clearfix\"><\/div><\/div><div class=\"vc_grid-item vc_clearfix vc_col-sm-4 vc_grid-item-zone-c-bottom\"><div class=\"vc_grid-item-mini vc_clearfix\"><div class=\"vc_gitem-animated-block\" ><\/div><div class=\"vc_gitem-zone vc_gitem-zone-c\"><div class=\"vc_gitem-zone-mini\"><div class=\"vc_gitem_row vc_row vc_gitem-row-position-top\"><div class=\"vc_col-sm-12 vc_gitem-col vc_gitem-col-align-\"><div class=\"vc_custom_heading vc_gitem-post-data vc_gitem-post-data-source-post_date\" ><div style=\"color: #aaaaaa;text-align: left\" >23 November 2020<\/div><\/div>\n\t<div class=\"wpb_single_image wpb_content_element vc_align_center\">\n\t\t<figure class=\"wpb_wrapper vc_figure\">\n\t\t\t<div class=\"vc_single_image-wrapper   vc_box_border_grey\"><img loading=\"lazy\" decoding=\"async\" width=\"800\" height=\"566\" src=\"https:\/\/www.verizet.fr\/wp-content\/uploads\/2021\/03\/verizet_seigneur_de_l_aperitif.jpg\" class=\"vc_single_image-img attachment-full\" alt=\"\" title=\"verizet_seigneur_de_l_aperitif\" \/><\/div>\n\t\t<\/figure>\n\t<\/div>\n<div class=\"vc_custom_heading vc_gitem-post-data vc_gitem-post-data-source-post_title\" ><h2 style=\"color: #0a0a0a;text-align: left\" >V\u00e9rizet, seigneur de l\u2019ap\u00e9ritif et de la table<\/h2><\/div><div class=\"vc_custom_heading vc_gitem-post-data vc_gitem-post-data-source-post_excerpt\" ><div style=\"text-align: left\" ><p>Le grand jour est arriv\u00e9 et nous avons le plaisir de vous pr\u00e9senter dans la gamme V\u00e9rizet nos vins de M\u00e2con et Vir\u00e9-Cless\u00e9. Vous pourrez retrouver ces vins en vente aux caveaux de Vir\u00e9 et Sennec\u00e9-l\u00e8s-M\u00e2con.<\/p>\n<\/div><\/div><style>.vc_btn3-style-gradient-custom.vc_btn-gradient-btn-69e361a39c2a7:hover{color: #ffffff;background-color: #587d25;border: none;background-position: 100% 0;}<\/style><style>.vc_btn3-style-gradient-custom.vc_btn-gradient-btn-69e361a39c2a7{color: #ffffff;border: none;background-color: #587d25;background-image: -webkit-linear-gradient(left, #587d25 0%, #587d25 50%,#587d25 100%);background-image: linear-gradient(to right, #587d25 0%, #587d25 50%,#587d25 100%);-webkit-transition: all .2s ease-in-out;transition: all .2s ease-in-out;background-size: 200% 100%;}<\/style><div class=\"vc_btn3-container vc_btn3-inline\"><a data-vc-gradient-1=\"#587d25\" data-vc-gradient-2=\"#587d25\" class=\"vc_general vc_btn3 vc_btn3-size-xs vc_btn3-shape-square vc_btn3-style-gradient-custom vc_btn3-icon-left vc_btn-gradient-btn-69e361a39c2a7\" a href=\"https:\/\/www.verizet.fr\/en\/verizet-seigneur-de-laperitif-et-de-la-table\/\" title=\"Lire la suite\"><i class=\"vc_btn3-icon fas fa-chevron-right\"><\/i> Lire la suite<\/a><\/div><\/div><\/div><\/div><\/div><\/div><div class=\"vc_clearfix\"><\/div><\/div><\/div><\/div>\n\t<\/div>\n<\/div><\/div><\/div><\/div><\/div><div class=\"vc_row wpb_row vc_row-fluid\"><div class=\"wpb_column vc_column_container vc_col-sm-12\"><div class=\"vc_column-inner\"><div class=\"wpb_wrapper\"><div class=\"vc_empty_space\"   style=\"height: 50px\"><span class=\"vc_empty_space_inner\"><\/span><\/div><\/div><\/div><\/div><\/div>\n<\/div>"},"excerpt":{"rendered":"ACTUALIT\u00c9S 27 December 2022 Les sommeliers de Bourgogne en d\u00e9gustation \u00e0 la cave de Vir\u00e9Chaque mois, l&rsquo;association des sommeliers de Bourgogne (ASB) se d\u00e9place un lundi dans des caves et domaines \u00e0 la d\u00e9couverte ou red\u00e9couverte des vins de Bourgogne. Lire la suite5 October 2021 Les vendanges termin\u00e9es, le mo\u00fbt est dans les cuvesLes producteurs [...]","protected":false},"author":1,"featured_media":0,"parent":0,"menu_order":0,"comment_status":"closed","ping_status":"closed","template":"","meta":{"footnotes":""},"class_list":["post-568","page","type-page","status-publish","hentry"],"yoast_head":"<!-- This site is optimized with the Yoast SEO plugin v25.3.1 - https:\/\/yoast.com\/wordpress\/plugins\/seo\/ -->\n<title>Actualit\u00e9s - V\u00e9rizet<\/title>\n<meta name=\"robots\" content=\"index, follow, max-snippet:-1, max-image-preview:large, max-video-preview:-1\" \/>\n<link rel=\"canonical\" href=\"https:\/\/www.verizet.fr\/en\/actualites\/\" \/>\n<meta property=\"og:locale\" content=\"en_GB\" \/>\n<meta property=\"og:type\" content=\"article\" \/>\n<meta property=\"og:title\" content=\"Actualit\u00e9s - V\u00e9rizet\" \/>\n<meta property=\"og:url\" content=\"https:\/\/www.verizet.fr\/en\/actualites\/\" \/>\n<meta property=\"og:site_name\" content=\"V\u00e9rizet\" \/>\n<meta property=\"article:modified_time\" content=\"2021-03-22T13:52:25+00:00\" \/>\n<meta name=\"twitter:card\" content=\"summary_large_image\" \/>\n<!-- \/ Yoast SEO plugin. -->","yoast_head_json":{"title":"Actualit\u00e9s - V\u00e9rizet","robots":{"index":"index","follow":"follow","max-snippet":"max-snippet:-1","max-image-preview":"max-image-preview:large","max-video-preview":"max-video-preview:-1"},"canonical":"https:\/\/www.verizet.fr\/en\/actualites\/","og_locale":"en_GB","og_type":"article","og_title":"Actualit\u00e9s - V\u00e9rizet","og_url":"https:\/\/www.verizet.fr\/en\/actualites\/","og_site_name":"V\u00e9rizet","article_modified_time":"2021-03-22T13:52:25+00:00","twitter_card":"summary_large_image","schema":{"@context":"https:\/\/schema.org","@graph":[{"@type":"WebPage","@id":"https:\/\/www.verizet.fr\/actualites\/","url":"https:\/\/www.verizet.fr\/actualites\/","name":"Actualit\u00e9s - V\u00e9rizet","isPartOf":{"@id":"https:\/\/www.verizet.fr\/#website"},"datePublished":"2021-03-22T13:40:32+00:00","dateModified":"2021-03-22T13:52:25+00:00","breadcrumb":{"@id":"https:\/\/www.verizet.fr\/actualites\/#breadcrumb"},"inLanguage":"en-GB","potentialAction":[{"@type":"ReadAction","target":["https:\/\/www.verizet.fr\/actualites\/"]}]},{"@type":"BreadcrumbList","@id":"https:\/\/www.verizet.fr\/actualites\/#breadcrumb","itemListElement":[{"@type":"ListItem","position":1,"name":"Accueil","item":"https:\/\/www.verizet.fr\/"},{"@type":"ListItem","position":2,"name":"Actualit\u00e9s"}]},{"@type":"WebSite","@id":"https:\/\/www.verizet.fr\/#website","url":"https:\/\/www.verizet.fr\/","name":"V\u00e9rizet","description":"","publisher":{"@id":"https:\/\/www.verizet.fr\/#organization"},"inLanguage":"en-GB"},{"@type":"Organization","@id":"https:\/\/www.verizet.fr\/#organization","name":"V\u00e9rizet","url":"https:\/\/www.verizet.fr\/","logo":{"@type":"ImageObject","inLanguage":"en-GB","@id":"https:\/\/www.verizet.fr\/#\/schema\/logo\/image\/","url":"https:\/\/www.verizet.fr\/wp-content\/uploads\/2020\/06\/logo-verizet-horizon.png","contentUrl":"https:\/\/www.verizet.fr\/wp-content\/uploads\/2020\/06\/logo-verizet-horizon.png","width":400,"height":139,"caption":"V\u00e9rizet"},"image":{"@id":"https:\/\/www.verizet.fr\/#\/schema\/logo\/image\/"}}]}},"_links":{"self":[{"href":"https:\/\/www.verizet.fr\/en\/wp-json\/wp\/v2\/pages\/568","targetHints":{"allow":["GET"]}}],"collection":[{"href":"https:\/\/www.verizet.fr\/en\/wp-json\/wp\/v2\/pages"}],"about":[{"href":"https:\/\/www.verizet.fr\/en\/wp-json\/wp\/v2\/types\/page"}],"author":[{"embeddable":true,"href":"https:\/\/www.verizet.fr\/en\/wp-json\/wp\/v2\/users\/1"}],"replies":[{"embeddable":true,"href":"https:\/\/www.verizet.fr\/en\/wp-json\/wp\/v2\/comments?post=568"}],"version-history":[{"count":8,"href":"https:\/\/www.verizet.fr\/en\/wp-json\/wp\/v2\/pages\/568\/revisions"}],"predecessor-version":[{"id":583,"href":"https:\/\/www.verizet.fr\/en\/wp-json\/wp\/v2\/pages\/568\/revisions\/583"}],"wp:attachment":[{"href":"https:\/\/www.verizet.fr\/en\/wp-json\/wp\/v2\/media?parent=568"}],"curies":[{"name":"wp","href":"https:\/\/api.w.org\/{rel}","templated":true}]}}